{"id":91,"date":"2018-04-05T10:03:08","date_gmt":"2018-04-05T08:03:08","guid":{"rendered":"http:\/\/lokator-wloszczowa.pl\/?page_id=91"},"modified":"2025-06-18T11:50:37","modified_gmt":"2025-06-18T09:50:37","slug":"protokoly-wz","status":"publish","type":"page","link":"https:\/\/lokator-wloszczowa.pl\/index.php\/protokoly-wz\/","title":{"rendered":"Protoko\u0142y WZ"},"content":{"rendered":"<h3>Protoko\u0142y z Walnego Zgromadzenia 2025r.<\/h3>\n<h3><a href=\"http:\/\/lokator-wloszczowa.pl\/wp-content\/uploads\/2025\/06\/SKM_C284e25061808530.pdf\">Protok\u00f3\u0142 z posiedzenia Kolegium w dniu 16.06.2025r.<\/a><\/h3>\n<h3><a href=\"http:\/\/lokator-wloszczowa.pl\/wp-content\/uploads\/2025\/06\/Protokol-z-II-czesci-WZ.pdf\">Protok\u00f3\u0142 z II cz\u0119\u015bci WZ z dnia 12.06.2025r.<\/a><\/h3>\n<h3><a href=\"http:\/\/lokator-wloszczowa.pl\/wp-content\/uploads\/2025\/06\/SKM_C284e25061708370.pdf\">Protok\u00f3\u0142 z I WZ cz\u0119\u015bci 11.06.2025r.<\/a><\/h3>\n<h3><a href=\"http:\/\/lokator-wloszczowa.pl\/wp-content\/uploads\/2024\/06\/protokol-z-WZ-z-dnia-28.05.2024r.pdf\">protok\u00f3\u0142 z WZ z dnia 28.05.2024r.<\/a><\/h3>\n<h3><a href=\"http:\/\/lokator-wloszczowa.pl\/wp-content\/uploads\/2023\/07\/Protokol-z-Walnego-Zgromadzenia-2023r.pdf\">Protok\u00f3\u0142 z Walnego Zgromadzenia 2023r.<\/a><\/h3>\n<h3>Protoko\u0142y z Walnego Zgromadzenia 2022r.<\/h3>\n<h3><a href=\"http:\/\/lokator-wloszczowa.pl\/wp-content\/uploads\/2022\/07\/Protok\u00f3\u0142-z-posiedzenia-Kolegium-odbytego-w-dniu-11.07.2022r..pdf\">Protok\u00f3\u0142 z posiedzenia Kolegium odbytego w dniu 11.07.2022r.<\/a><\/h3>\n<h3><a href=\"http:\/\/lokator-wloszczowa.pl\/wp-content\/uploads\/2022\/07\/Protok\u00f3\u0142-z-cz\u0119\u015bci-I-04.07.2022-1.pdf\">Protok\u00f3\u0142 z I cz\u0119\u015bci 04.07.2022<\/a><\/h3>\n<h3><a href=\"http:\/\/lokator-wloszczowa.pl\/wp-content\/uploads\/2022\/07\/Protok\u00f3\u0142-z-II-cz\u0119\u015bci-05.07.2022.pdf\">Protok\u00f3\u0142 z II cz\u0119\u015bci 05.07.2022<\/a><\/h3>\n<h3><a href=\"http:\/\/lokator-wloszczowa.pl\/wp-content\/uploads\/2022\/07\/Protok\u00f3\u0142-z-III-cz\u0119\u015bci-06.07.2022.pdf\">Protok\u00f3\u0142 z III cz\u0119\u015bci 06.07.2022<\/a><\/h3>\n<h3><a href=\"http:\/\/lokator-wloszczowa.pl\/wp-content\/uploads\/2019\/06\/Protok\u00f3\u0142-z-Walnego-Zgromadzenia-31.05.2019r..pdf\">Protok\u00f3\u0142 z Walnego Zgromadzenia 31.05.2019r.<\/a><\/h3>\n<h3><a href=\"http:\/\/lokator-wloszczowa.pl\/wp-content\/uploads\/2019\/04\/Protok\u00f3\u0142-z-Nadzwyczajnego-Walnego-Zgromadzenia-Cz\u0142onk\u00f3w-19.12.2018r..pdf\">Protok\u00f3\u0142 z Nadzwyczajnego Walnego Zgromadzenia Cz\u0142onk\u00f3w 19.12.2018r.<\/a><\/h3>\n<h3><a href=\"http:\/\/lokator-wloszczowa.pl\/wp-content\/uploads\/2018\/07\/Protok\u00f3\u0142-WZ-2018.pdf\">Protok\u00f3\u0142 WZ 2018<\/a><\/h3>\n","protected":false},"excerpt":{"rendered":"<p>Protoko\u0142y z Walnego Zgromadzenia 2025r. Protok\u00f3\u0142 z posiedzenia Kolegium w dniu 16.06.2025r. Protok\u00f3\u0142 z II cz\u0119\u015bci WZ z dnia 12.06.2025r. Protok\u00f3\u0142 z I WZ cz\u0119\u015bci 11.06.2025r. protok\u00f3\u0142 z WZ z dnia 28.05.2024r. Protok\u00f3\u0142 z Walnego Zgromadzenia 2023r. Protoko\u0142y z Walnego Zgromadzenia 2022r. Protok\u00f3\u0142 z posiedzenia Kolegium odbytego w dniu 11.07.2022r. Protok\u00f3\u0142 z I cz\u0119\u015bci 04.07.2022 [&hellip;]<\/p>\n","protected":false},"author":1,"featured_media":0,"parent":0,"menu_order":0,"comment_status":"closed","ping_status":"closed","template":"","meta":[],"_links":{"self":[{"href":"https:\/\/lokator-wloszczowa.pl\/index.php\/wp-json\/wp\/v2\/pages\/91"}],"collection":[{"href":"https:\/\/lokator-wloszczowa.pl\/index.php\/wp-json\/wp\/v2\/pages"}],"about":[{"href":"https:\/\/lokator-wloszczowa.pl\/index.php\/wp-json\/wp\/v2\/types\/page"}],"author":[{"embeddable":true,"href":"https:\/\/lokator-wloszczowa.pl\/index.php\/wp-json\/wp\/v2\/users\/1"}],"replies":[{"embeddable":true,"href":"https:\/\/lokator-wloszczowa.pl\/index.php\/wp-json\/wp\/v2\/comments?post=91"}],"version-history":[{"count":11,"href":"https:\/\/lokator-wloszczowa.pl\/index.php\/wp-json\/wp\/v2\/pages\/91\/revisions"}],"predecessor-version":[{"id":2161,"href":"https:\/\/lokator-wloszczowa.pl\/index.php\/wp-json\/wp\/v2\/pages\/91\/revisions\/2161"}],"wp:attachment":[{"href":"https:\/\/lokator-wloszczowa.pl\/index.php\/wp-json\/wp\/v2\/media?parent=91"}],"curies":[{"name":"wp","href":"https:\/\/api.w.org\/{rel}","templated":true}]}}