{"id":70,"date":"2018-04-05T09:10:21","date_gmt":"2018-04-05T07:10:21","guid":{"rendered":"http:\/\/lokator-wloszczowa.pl\/?page_id=70"},"modified":"2019-05-22T12:39:55","modified_gmt":"2019-05-22T10:39:55","slug":"zasoby","status":"publish","type":"page","link":"https:\/\/lokator-wloszczowa.pl\/index.php\/zasoby\/","title":{"rendered":"Zasoby"},"content":{"rendered":"<p>Aktualnie sp\u00f3\u0142dzielnia posiada 32 budynki mieszkalne i jeden pawilon handlowo \u2013 us\u0142ugowy.<\/p>\n<p>Z og\u00f3lnej liczby budynk\u00f3w dwa zlokalizowane s\u0105 w Bukowie, jeden w Krasocinie i jeden w \u0141opusznie. Budynki sp\u00f3\u0142dzielcze licz\u0105 992 mieszkania, w kt\u00f3rych zamieszkuje ponad 2000 os\u00f3b.<\/p>\n<p>Powierzchnia u\u017cytkowa eksploatowanych zasob\u00f3w sp\u00f3\u0142dzielni wynosi 53.861 m2, z tego lokali mieszkalnych 52.591 m2, a lokali u\u017cytkowych 1.270 m2. Stan techniczny wyposa\u017cenia budynk\u00f3w jest r\u00f3\u017cny zale\u017cnie od czasu, w kt\u00f3rym by\u0142y realizowane. Wszystkie budynki posiadaj\u0105 centralne ogrzewanie, zimn\u0105 wod\u0119 i kanalizacj\u0119 sanitarn\u0105.<\/p>\n<p>Nowsze budynki w ilo\u015bci 476 mieszka\u0144 maj\u0105 sieciowo dostarczan\u0105 ciep\u0142\u0105 wod\u0119.<\/p>\n<p>Budynki administrowane przez Sp\u00f3\u0142dzielni\u0119:<\/p>\n<p>ul. Wi\u015bniowa 13<\/p>\n<p>os. Broniewskiego 1, 2, 9, 10, 11, 12, 13, 14, 15, 16, 17, 18, 19, 20, 21, 22, 23<\/p>\n<p>os. Bro\u017cka 11, 12, 15, 17, 25, 26, 27<\/p>\n<p>ul. J\u0119drzejowska 81b<\/p>\n<p>ul. Osiedlowa 15, Bukowa<\/p>\n<p>ul. Szkolna 2 , Bukowa<\/p>\n<p>ul. 1-go Maja 10, Krasocin<\/p>\n<p>ul. Stra\u017cacka 7a, \u0141opuszno<\/p>\n","protected":false},"excerpt":{"rendered":"<p>Aktualnie sp\u00f3\u0142dzielnia posiada 32 budynki mieszkalne i jeden pawilon handlowo \u2013 us\u0142ugowy. Z og\u00f3lnej liczby budynk\u00f3w dwa zlokalizowane s\u0105 w Bukowie, jeden w Krasocinie i jeden w \u0141opusznie. Budynki sp\u00f3\u0142dzielcze licz\u0105 992 mieszkania, w kt\u00f3rych zamieszkuje ponad 2000 os\u00f3b. Powierzchnia u\u017cytkowa eksploatowanych zasob\u00f3w sp\u00f3\u0142dzielni wynosi 53.861 m2, z tego lokali mieszkalnych 52.591 m2, a lokali [&hellip;]<\/p>\n","protected":false},"author":1,"featured_media":0,"parent":0,"menu_order":0,"comment_status":"closed","ping_status":"closed","template":"","meta":[],"_links":{"self":[{"href":"https:\/\/lokator-wloszczowa.pl\/index.php\/wp-json\/wp\/v2\/pages\/70"}],"collection":[{"href":"https:\/\/lokator-wloszczowa.pl\/index.php\/wp-json\/wp\/v2\/pages"}],"about":[{"href":"https:\/\/lokator-wloszczowa.pl\/index.php\/wp-json\/wp\/v2\/types\/page"}],"author":[{"embeddable":true,"href":"https:\/\/lokator-wloszczowa.pl\/index.php\/wp-json\/wp\/v2\/users\/1"}],"replies":[{"embeddable":true,"href":"https:\/\/lokator-wloszczowa.pl\/index.php\/wp-json\/wp\/v2\/comments?post=70"}],"version-history":[{"count":3,"href":"https:\/\/lokator-wloszczowa.pl\/index.php\/wp-json\/wp\/v2\/pages\/70\/revisions"}],"predecessor-version":[{"id":899,"href":"https:\/\/lokator-wloszczowa.pl\/index.php\/wp-json\/wp\/v2\/pages\/70\/revisions\/899"}],"wp:attachment":[{"href":"https:\/\/lokator-wloszczowa.pl\/index.php\/wp-json\/wp\/v2\/media?parent=70"}],"curies":[{"name":"wp","href":"https:\/\/api.w.org\/{rel}","templated":true}]}}