{"id":67,"date":"2018-04-05T08:48:52","date_gmt":"2018-04-05T06:48:52","guid":{"rendered":"http:\/\/lokator-wloszczowa.pl\/?page_id=67"},"modified":"2019-05-22T12:24:30","modified_gmt":"2019-05-22T10:24:30","slug":"historia","status":"publish","type":"page","link":"https:\/\/lokator-wloszczowa.pl\/index.php\/historia\/","title":{"rendered":"Historia"},"content":{"rendered":"<p>W dniu 3 sierpnia 1967 r. odby\u0142o si\u0119 zebranie za\u0142o\u017cycielskie Sp\u00f3\u0142dzielni Mieszkaniowej we W\u0142oszczowie.<\/p>\n<p>Cz\u0142onk\u00f3w za\u0142o\u017cycieli by\u0142o 39 os\u00f3b, a sp\u00f3\u0142dzielni nadano nazw\u0119 Sp\u00f3\u0142dzielnia Mieszkaniowa \u201eLOKATOR\u201d we W\u0142oszczowie.<\/p>\n<p>Formalnie osobowo\u015b\u0107 prawn\u0105 sp\u00f3\u0142dzielnia naby\u0142a w dniu 12 grudnia 1967 r. po zarejestrowaniu Statutu przez S\u0105d Powiatowy w Kielcach.<\/p>\n<p>W statucie okre\u015blono, i\u017c g\u0142\u00f3wnym celem sp\u00f3\u0142dzielni jest zaspokajanie potrzeb mieszkaniowych cz\u0142onk\u00f3w i ich rodzin.<\/p>\n<p>We wrze\u015bniu 1969 r. 20 rodzin otrzyma\u0142o klucze do pierwszego bloku sp\u00f3\u0142dzielczego przy ul. Wi\u015bniowej 13. W nast\u0119pnych latach powstawa\u0142y kolejne budynki, g\u0142\u00f3wnie w drugiej po\u0142owie lat osiemdziesi\u0105tych.<\/p>\n<p>W tym czasie budownictwo sp\u00f3\u0142dzielcze cieszy\u0142o si\u0119 du\u017cym zainteresowaniem a polityka mieszkaniowa pa\u0144stwa konsekwentnie zak\u0142ada\u0142a rozw\u00f3j tej formy zaspokajania potrzeb mieszkaniowych. To zainteresowanie powodowa\u0142y tanie kredyty i \u017c\u0105dany przy zasiedleniu mieszka\u0144 lokatorskich wk\u0142ad finansowy pokrywaj\u0105cy tylko 10% koszt\u00f3w mieszkania. Ponadto dla tego typu mieszka\u0144 znaczna cz\u0119\u015b\u0107 koszt\u00f3w by\u0142a umarzana. Funkcjonowa\u0142y r\u00f3wnie\u017c dotacje pokrywaj\u0105ce za mieszka\u0144c\u00f3w cz\u0119\u015b\u0107 koszt\u00f3w eksploatacji mieszka\u0144, chocia\u017c ju\u017c w tym czasie by\u0142y one stopniowo likwidowane. Takimi uregulowaniami prawnymi pa\u0144stwo powierzy\u0142o mi\u0119dzy innymi sp\u00f3\u0142dzielniom mieszkaniowym realizacj\u0119 polityki socjalnej w zakresie mieszkalnictwa.<br \/>\nRos\u0142a wi\u0119c kolejka oczekuj\u0105cych, a barier\u0105 jej zmniejszenia by\u0142y ustalane w\u00f3wczas limity kredyt\u00f3w, mo\u017cliwo\u015bci przerobowe biur projektowych i wykonawc\u00f3w, deficyt materia\u0142\u00f3w oraz brak teren\u00f3w z potrzebn\u0105 infrastruktur\u0105 techniczn\u0105.<br \/>\nW tych latach pa\u0144stwo przejmowa\u0142o znaczn\u0105 cz\u0119\u015b\u0107 koszt\u00f3w mieszkaniowych we wszystkich formach budownictwa blokowego. W sektorze mieszka\u0144 komunalnych i zak\u0142adowych obci\u0105\u017cenia finansowe w przydziale i u\u017cytkowaniu mieszka\u0144 by\u0142y jeszcze mniejsze dzi\u0119ki obfitym dotacjom. Dokonuj\u0105ce si\u0119 od 1989 r. zmiany spo\u0142eczno \u2013 gospodarcze spowodowa\u0142y, \u017ce mieszkanie sta\u0142o si\u0119 dobrem o cechach towaru, gdy\u017c pa\u0144stwo zacz\u0119\u0142o si\u0119 wycofywa\u0107 z pokrywania cz\u0119\u015bci koszt\u00f3w budowy i utrzymania mieszka\u0144.<br \/>\nRealizacj\u0119 socjalnej pomocy mieszkaniowej przypisano samorz\u0105dom lokalnym. Zdecydowana wi\u0119kszo\u015b\u0107 oczekuj\u0105cych na mieszkanie w sp\u00f3\u0142dzielni nie by\u0142a przygotowana na takie wydatki. Wzrost cen w latach dziewi\u0119\u0107dziesi\u0105tych spowodowa\u0142, \u017ce w ca\u0142ym kraju nast\u0105pi\u0142 radykalny spadek budownictwa mieszkaniowego.<br \/>\nOstatni budynek by\u0142 oddany w sp\u00f3\u0142dzielni do eksploatacji w grudniu 1992 r.<\/p>\n","protected":false},"excerpt":{"rendered":"<p>W dniu 3 sierpnia 1967 r. odby\u0142o si\u0119 zebranie za\u0142o\u017cycielskie Sp\u00f3\u0142dzielni Mieszkaniowej we W\u0142oszczowie. Cz\u0142onk\u00f3w za\u0142o\u017cycieli by\u0142o 39 os\u00f3b, a sp\u00f3\u0142dzielni nadano nazw\u0119 Sp\u00f3\u0142dzielnia Mieszkaniowa \u201eLOKATOR\u201d we W\u0142oszczowie. Formalnie osobowo\u015b\u0107 prawn\u0105 sp\u00f3\u0142dzielnia naby\u0142a w dniu 12 grudnia 1967 r. po zarejestrowaniu Statutu przez S\u0105d Powiatowy w Kielcach. W statucie okre\u015blono, i\u017c g\u0142\u00f3wnym celem sp\u00f3\u0142dzielni jest [&hellip;]<\/p>\n","protected":false},"author":1,"featured_media":0,"parent":0,"menu_order":0,"comment_status":"closed","ping_status":"closed","template":"","meta":[],"_links":{"self":[{"href":"https:\/\/lokator-wloszczowa.pl\/index.php\/wp-json\/wp\/v2\/pages\/67"}],"collection":[{"href":"https:\/\/lokator-wloszczowa.pl\/index.php\/wp-json\/wp\/v2\/pages"}],"about":[{"href":"https:\/\/lokator-wloszczowa.pl\/index.php\/wp-json\/wp\/v2\/types\/page"}],"author":[{"embeddable":true,"href":"https:\/\/lokator-wloszczowa.pl\/index.php\/wp-json\/wp\/v2\/users\/1"}],"replies":[{"embeddable":true,"href":"https:\/\/lokator-wloszczowa.pl\/index.php\/wp-json\/wp\/v2\/comments?post=67"}],"version-history":[{"count":4,"href":"https:\/\/lokator-wloszczowa.pl\/index.php\/wp-json\/wp\/v2\/pages\/67\/revisions"}],"predecessor-version":[{"id":897,"href":"https:\/\/lokator-wloszczowa.pl\/index.php\/wp-json\/wp\/v2\/pages\/67\/revisions\/897"}],"wp:attachment":[{"href":"https:\/\/lokator-wloszczowa.pl\/index.php\/wp-json\/wp\/v2\/media?parent=67"}],"curies":[{"name":"wp","href":"https:\/\/api.w.org\/{rel}","templated":true}]}}