{"id":33,"date":"2018-04-04T22:01:34","date_gmt":"2018-04-04T20:01:34","guid":{"rendered":"http:\/\/lokator-wloszczowa.pl\/?page_id=33"},"modified":"2026-04-16T14:26:40","modified_gmt":"2026-04-16T12:26:40","slug":"druki-do-pobrania","status":"publish","type":"page","link":"https:\/\/lokator-wloszczowa.pl\/index.php\/druki-do-pobrania\/","title":{"rendered":"Druki do pobrania"},"content":{"rendered":"<p><a href=\"http:\/\/lokator-wloszczowa.pl\/wp-content\/uploads\/2024\/04\/SKM_C284e24041608140.pdf\">Wniosek o wyra\u017cenie zgody na monta\u017c klimatyzatora\/anteny<\/a><\/p>\n<p><a href=\"http:\/\/lokator-wloszczowa.pl\/wp-content\/uploads\/2026\/04\/SKM_C284e26041609260.pdf\">Deklaracja przyst\u0105pienia do Sp\u00f3\u0142dzielni<\/a><\/p>\n<p><a href=\"http:\/\/lokator-wloszczowa.pl\/wp-content\/uploads\/2024\/05\/SKM_C284e24052208470.pdf\">Deklaracja w sprawie zagospodarowania odpad\u00f3w komunalnych<\/a><\/p>\n","protected":false},"excerpt":{"rendered":"<p>Wniosek o wyra\u017cenie zgody na monta\u017c klimatyzatora\/anteny Deklaracja przyst\u0105pienia do Sp\u00f3\u0142dzielni Deklaracja w sprawie zagospodarowania odpad\u00f3w komunalnych<\/p>\n","protected":false},"author":1,"featured_media":0,"parent":0,"menu_order":0,"comment_status":"closed","ping_status":"closed","template":"","meta":[],"_links":{"self":[{"href":"https:\/\/lokator-wloszczowa.pl\/index.php\/wp-json\/wp\/v2\/pages\/33"}],"collection":[{"href":"https:\/\/lokator-wloszczowa.pl\/index.php\/wp-json\/wp\/v2\/pages"}],"about":[{"href":"https:\/\/lokator-wloszczowa.pl\/index.php\/wp-json\/wp\/v2\/types\/page"}],"author":[{"embeddable":true,"href":"https:\/\/lokator-wloszczowa.pl\/index.php\/wp-json\/wp\/v2\/users\/1"}],"replies":[{"embeddable":true,"href":"https:\/\/lokator-wloszczowa.pl\/index.php\/wp-json\/wp\/v2\/comments?post=33"}],"version-history":[{"count":9,"href":"https:\/\/lokator-wloszczowa.pl\/index.php\/wp-json\/wp\/v2\/pages\/33\/revisions"}],"predecessor-version":[{"id":2308,"href":"https:\/\/lokator-wloszczowa.pl\/index.php\/wp-json\/wp\/v2\/pages\/33\/revisions\/2308"}],"wp:attachment":[{"href":"https:\/\/lokator-wloszczowa.pl\/index.php\/wp-json\/wp\/v2\/media?parent=33"}],"curies":[{"name":"wp","href":"https:\/\/api.w.org\/{rel}","templated":true}]}}