{"id":31,"date":"2018-04-04T22:01:34","date_gmt":"2018-04-04T20:01:34","guid":{"rendered":"http:\/\/lokator-wloszczowa.pl\/?page_id=31"},"modified":"2023-06-09T08:19:02","modified_gmt":"2023-06-09T06:19:02","slug":"sprawozdanie_finansowe","status":"publish","type":"page","link":"https:\/\/lokator-wloszczowa.pl\/index.php\/sprawozdanie_finansowe\/","title":{"rendered":"Sprawozdanie finansowe"},"content":{"rendered":"<h3><a href=\"http:\/\/lokator-wloszczowa.pl\/wp-content\/uploads\/2023\/06\/Sprawozdanie-finansowe-za-rok-2022-1.pdf\">Sprawozdanie finansowe za rok 2022<\/a><\/h3>\n<h3><a href=\"http:\/\/lokator-wloszczowa.pl\/wp-content\/uploads\/2018\/06\/Wprowadzenie-do-sprawozdania-finansowego-za-2017.pdf\">Wprowadzenie do sprawozdania finansowego za 2017<\/a><\/h3>\n<h3><a href=\"http:\/\/lokator-wloszczowa.pl\/wp-content\/uploads\/2018\/06\/Bilans-za-2017-r..pdf\">Bilans za 2017 r.<\/a><\/h3>\n<h3><a href=\"http:\/\/lokator-wloszczowa.pl\/wp-content\/uploads\/2018\/06\/Rachunek-zysk\u00f3w-i-strat.pdf\">Rachunek zysk\u00f3w i strat<\/a><\/h3>\n<h3><a href=\"http:\/\/lokator-wloszczowa.pl\/wp-content\/uploads\/2018\/06\/Dodatkowe-informacje-i-obja\u015bnienia-do-sprawozdania.pdf\">Dodatkowe informacje i obja\u015bnienia do sprawozdania<\/a><\/h3>\n<h3><a href=\"http:\/\/lokator-wloszczowa.pl\/wp-content\/uploads\/2018\/06\/Za\u0142\u0105czniki-do-sprawozdania.pdf\">Za\u0142\u0105czniki do sprawozdania<\/a><\/h3>\n<h3><a href=\"http:\/\/lokator-wloszczowa.pl\/wp-content\/uploads\/2018\/06\/Sprawozdanie-z-badania-rocznego-sprawozdania-finansowego.pdf\">Sprawozdanie z badania rocznego sprawozdania finansowego<\/a><\/h3>\n","protected":false},"excerpt":{"rendered":"<p>Sprawozdanie finansowe za rok 2022 Wprowadzenie do sprawozdania finansowego za 2017 Bilans za 2017 r. Rachunek zysk\u00f3w i strat Dodatkowe informacje i obja\u015bnienia do sprawozdania Za\u0142\u0105czniki do sprawozdania Sprawozdanie z badania rocznego sprawozdania finansowego<\/p>\n","protected":false},"author":1,"featured_media":0,"parent":0,"menu_order":0,"comment_status":"closed","ping_status":"closed","template":"","meta":[],"_links":{"self":[{"href":"https:\/\/lokator-wloszczowa.pl\/index.php\/wp-json\/wp\/v2\/pages\/31"}],"collection":[{"href":"https:\/\/lokator-wloszczowa.pl\/index.php\/wp-json\/wp\/v2\/pages"}],"about":[{"href":"https:\/\/lokator-wloszczowa.pl\/index.php\/wp-json\/wp\/v2\/types\/page"}],"author":[{"embeddable":true,"href":"https:\/\/lokator-wloszczowa.pl\/index.php\/wp-json\/wp\/v2\/users\/1"}],"replies":[{"embeddable":true,"href":"https:\/\/lokator-wloszczowa.pl\/index.php\/wp-json\/wp\/v2\/comments?post=31"}],"version-history":[{"count":5,"href":"https:\/\/lokator-wloszczowa.pl\/index.php\/wp-json\/wp\/v2\/pages\/31\/revisions"}],"predecessor-version":[{"id":1724,"href":"https:\/\/lokator-wloszczowa.pl\/index.php\/wp-json\/wp\/v2\/pages\/31\/revisions\/1724"}],"wp:attachment":[{"href":"https:\/\/lokator-wloszczowa.pl\/index.php\/wp-json\/wp\/v2\/media?parent=31"}],"curies":[{"name":"wp","href":"https:\/\/api.w.org\/{rel}","templated":true}]}}