{"id":227,"date":"2018-04-08T21:41:20","date_gmt":"2018-04-08T19:41:20","guid":{"rendered":"http:\/\/lokator-wloszczowa.pl\/?page_id=227"},"modified":"2026-04-16T09:05:32","modified_gmt":"2026-04-16T07:05:32","slug":"dokumenty-na-wz","status":"publish","type":"page","link":"https:\/\/lokator-wloszczowa.pl\/index.php\/dokumenty-na-wz\/","title":{"rendered":"Dokumenty na WZ"},"content":{"rendered":"<h1>Walne Zgromadzenie 2025<\/h1>\n<h3><a href=\"http:\/\/lokator-wloszczowa.pl\/wp-content\/uploads\/2025\/06\/SKM_C284e25060612490.pdf\">Lista kandydat\u00f3w do RN<\/a><\/h3>\n<h3><a href=\"http:\/\/lokator-wloszczowa.pl\/wp-content\/uploads\/2025\/05\/SKM_C284e25052611500.pdf\">Sprawozdanie finansowe za rok 2024<\/a><\/h3>\n<h3><a href=\"http:\/\/lokator-wloszczowa.pl\/wp-content\/uploads\/2025\/05\/SKM_C284e25052611260-1.pdf\">Sprawozdanie Rady Nadzorczej Sp\u00f3\u0142dzielni Mieszkaniowej &#8222;Lokator&#8221; <\/a><\/h3>\n<h3><a href=\"http:\/\/lokator-wloszczowa.pl\/wp-content\/uploads\/2025\/05\/SKM_C284e25052611260-1.pdf\">\u00a0we W\u0142oszczowie za 2024 rok<\/a><\/h3>\n<h3><a href=\"http:\/\/lokator-wloszczowa.pl\/wp-content\/uploads\/2025\/05\/SKM_C284e25052608380.pdf\">Sprawozdanie Zarz\u0105du Sp\u00f3\u0142dzielni Mieszkaniowej &#8222;Lokator&#8221; we W\u0142oszczowie z dzia\u0142alno\u015bci za 2024rok<\/a><\/h3>\n<h3><a href=\"http:\/\/lokator-wloszczowa.pl\/wp-content\/uploads\/2025\/05\/SKM_C284e25052608270.pdf\">Uchwa\u0142y II cz\u0119\u015b\u0107 WZ &#8211; projekty<\/a><\/h3>\n<h3><a href=\"http:\/\/lokator-wloszczowa.pl\/wp-content\/uploads\/2025\/05\/SKM_C284e25052608210.pdf\">Uchwa\u0142y I cz\u0119\u015b\u0107 WZ &#8211; projekty<\/a><\/h3>\n<h3><a href=\"http:\/\/lokator-wloszczowa.pl\/wp-content\/uploads\/2025\/05\/Pelnomocnictwo-1.pdf\">Pe\u0142nomocnictwo<\/a><\/h3>\n<h3><a href=\"http:\/\/lokator-wloszczowa.pl\/wp-content\/uploads\/2025\/05\/SKM_C284e25052611420.pdf\">Zawiadomienie o Walnym Zgromadzeniu 2025<\/a><\/h3>\n<h3><a href=\"http:\/\/lokator-wloszczowa.pl\/wp-content\/uploads\/2025\/05\/Imformacja-Zarzadu-Spoldzielni-dotyczaca-realizacji-uchwal-i-wnioskow-WZ-z-dn.-28-maja-2024r-1.pdf\"><strong>Informacja Zarz\u0105du Sp\u00f3\u0142dzielni dotycz\u0105ca realizacji uchwa\u0142<\/strong>\u00a0i <strong>wniosk\u00f3w WZ odbytego<\/strong> w\u00a0<strong>dniu 28 maja 2024r.<\/strong><\/a><\/h3>\n<h1>Walne Zgromadzenie 2024<\/h1>\n<h3>Sprawozdanie finansowe za 2023r. jest dost\u0119pne do wgl\u0105du w biurze Sp\u00f3\u0142dzielni Mieszkaniowej &#8222;Lokator&#8221; we W\u0142oszczowie od dnia 14.05.2024r.<\/h3>\n<h3><a href=\"http:\/\/lokator-wloszczowa.pl\/wp-content\/uploads\/2024\/05\/SKM_C284e24051312471.pdf\">Uchwa\u0142a Nr 6\/2024 WZ &#8211; projekt<\/a><\/h3>\n<h3><a href=\"http:\/\/lokator-wloszczowa.pl\/wp-content\/uploads\/2024\/05\/SKM_C284e24051312470.pdf\">Uchwa\u0142a Nr 5\/2024 WZ &#8211; projekt<\/a><\/h3>\n<h3><a href=\"http:\/\/lokator-wloszczowa.pl\/wp-content\/uploads\/2024\/05\/SKM_C284e24051313110.pdf\">Uchwa\u0142a Nr 4\/2024 WZ &#8211; projekt<\/a><\/h3>\n<h3><a href=\"http:\/\/lokator-wloszczowa.pl\/wp-content\/uploads\/2024\/05\/SKM_C284e24051313160.pdf\">Uchwa\u0142a Nr 3\/2024 WZ &#8211; projekt<\/a><\/h3>\n<h3><a href=\"http:\/\/lokator-wloszczowa.pl\/wp-content\/uploads\/2024\/05\/SKM_C284e24051312340.pdf\">Uchwa\u0142a Nr 2\/2024 WZ &#8211; projekt<\/a><\/h3>\n<h3><a href=\"http:\/\/lokator-wloszczowa.pl\/wp-content\/uploads\/2024\/05\/SKM_C284e24051312320.pdf\">Uchwa\u0142a Nr 1\/2024 WZ &#8211; projekt<\/a><\/h3>\n<h3><a href=\"http:\/\/lokator-wloszczowa.pl\/wp-content\/uploads\/2026\/04\/SKM_C284e26041608450.pdf\">Informacja Zarz\u0105du Sp\u00f3\u0142dzielni o realizacji uchwa\u0142 i wniosk\u00f3w WZ odbytego w dniu 20.06.2023r.<\/a><\/h3>\n<h3><a href=\"http:\/\/lokator-wloszczowa.pl\/wp-content\/uploads\/2024\/05\/Sprawozdanie-Zarzadu-Spoldzielni-Mieszkaniowej-Lokator-we-Wloszczowie-z-dzialalnosci-za-2023r.pdf\">Sprawozdanie Zarz\u0105du Sp\u00f3\u0142dzielni Mieszkaniowej Lokator we W\u0142oszczowie z dzia\u0142alno\u015bci za 2023r.<\/a><\/h3>\n<h3><a href=\"http:\/\/lokator-wloszczowa.pl\/wp-content\/uploads\/2024\/05\/Sprawozdanie-Rady-Nadzorczej-Spoldzielni-Mieszkaniowej-Lokator-za-2023r.pdf\">Sprawozdanie Rady Nadzorczej Sp\u00f3\u0142dzielni Mieszkaniowej Lokator za 2023r.<\/a><\/h3>\n<h3><a href=\"http:\/\/lokator-wloszczowa.pl\/wp-content\/uploads\/2023\/06\/Pelnomocnictwo-1.pdf\">Pe\u0142nomocnictwo<\/a><\/h3>\n<h3><a href=\"http:\/\/lokator-wloszczowa.pl\/wp-content\/uploads\/2024\/05\/Walne-Zgromadzenie-2024.pdf\">Zawiadomienie o Walnym Zgromadzeniu 2024<\/a><\/h3>\n<h1>Walne Zgromadzenie 2023<\/h1>\n<h3><a href=\"http:\/\/lokator-wloszczowa.pl\/wp-content\/uploads\/2023\/06\/Uchwala-Nr-10-Walnego-Zgromadzenia-Projekt-3.pdf\">Uchwa\u0142a Nr 10\/2023 Walnego Zgromadzenia &#8211; Projekt<\/a><\/h3>\n<h3><a href=\"http:\/\/lokator-wloszczowa.pl\/wp-content\/uploads\/2023\/06\/Uchwala-Nr-9.2023-Walnego-Zgromadzenia-Projekt-3.pdf\">Uchwa\u0142a Nr 9\/2023 Walnego Zgromadzenia &#8211; Projekt<\/a><\/h3>\n<h3><a href=\"http:\/\/lokator-wloszczowa.pl\/wp-content\/uploads\/2023\/06\/Uchwala-Nr-8.2023-Walnego-Zgromadzenia-Projekt-3.pdf\">Uchwa\u0142a Nr 8\/2023 Walnego Zgromadzenia &#8211; Projekt<\/a><\/h3>\n<h3><a href=\"http:\/\/lokator-wloszczowa.pl\/wp-content\/uploads\/2023\/06\/Uchwala-Nr-7.2023-Walnego-Zgromadzenia-Projekt-3.pdf\">Uchwa\u0142a Nr 7\/2023 Walnego Zgromadzenia &#8211; Projekt<\/a><\/h3>\n<h3><a href=\"http:\/\/lokator-wloszczowa.pl\/wp-content\/uploads\/2023\/06\/Uchwala-Nr-6.2023-Walnego-Zgromadzenia-Projekt-3.pdf\">Uchwa\u0142a Nr 6\/2023 Walnego Zgromadzenia &#8211; Projekt<\/a><\/h3>\n<h3><a href=\"http:\/\/lokator-wloszczowa.pl\/wp-content\/uploads\/2023\/06\/Uchwala-Nr-5.2023-Walnego-Zgromadzenia-Projekt-3.pdf\">Uchwa\u0142a Nr 5\/2023 Walnego Zgromadzenia &#8211; Projekt<\/a><\/h3>\n<h3><a href=\"http:\/\/lokator-wloszczowa.pl\/wp-content\/uploads\/2023\/06\/Uchwala-Nr-4.2023-Walnego-Zgromadzenia-Projekt-3.pdf\">Uchwa\u0142a Nr 4\/2023 Walnego Zgromadzenia &#8211; Projekt<\/a><\/h3>\n<h3><a href=\"http:\/\/lokator-wloszczowa.pl\/wp-content\/uploads\/2023\/06\/Uchwala-Nr-3.2023-Walnego-Zgromadzenia-Projekt-3.pdf\">Uchwa\u0142a Nr 3\/2023 Walnego Zgromadzenia &#8211; Projekt<\/a><\/h3>\n<h3><a href=\"http:\/\/lokator-wloszczowa.pl\/wp-content\/uploads\/2023\/06\/Uchwala-Nr-2.2023-Walnego-Zgromadzenia-Projekt-4.pdf\">Uchwa\u0142a Nr 2\/2023 Walnego Zgromadzenia &#8211; Projekt<\/a><\/h3>\n<h3><a href=\"http:\/\/lokator-wloszczowa.pl\/wp-content\/uploads\/2023\/06\/Uchwala-Nr-1.2023-Walnego-Zgromadzenia-Projekt-4.pdf\">Uchwa\u0142a Nr 1\/2023 Walnego Zgromadzenia- Projekt<\/a><\/h3>\n<h3><a href=\"http:\/\/lokator-wloszczowa.pl\/wp-content\/uploads\/2023\/06\/Sprawozdanie-Zarzadu-SM-LOKATOR-z-dzialalnosci-za-2022-rok-3.pdf\">Sprawozdanie Zarz\u0105du SM LOKATOR z dzia\u0142alno\u015bci za 2022 rok<\/a><\/h3>\n<h3><a href=\"http:\/\/lokator-wloszczowa.pl\/wp-content\/uploads\/2023\/06\/Sprawozdanie-RN-za-II-polrocze-2022-r-2.pdf\">Sprawozdanie Rady Nadzorczej za II p\u00f3\u0142rocze 2022 r.<\/a><\/h3>\n<h3><a href=\"http:\/\/lokator-wloszczowa.pl\/wp-content\/uploads\/2026\/04\/SKM_C284e26041609170.pdf\">Informacja Zarz\u0105du dotycz\u0105ca realizacji uchwa\u0142 i wniosk\u00f3w WZ odbytego w dniu 3,4,5 lipca 2022r<\/a><\/h3>\n<h3><a href=\"http:\/\/lokator-wloszczowa.pl\/wp-content\/uploads\/2023\/06\/Pelnomocnictwo-1.pdf\">Pe\u0142nomocnictwo<\/a><\/h3>\n<h3><a href=\"http:\/\/lokator-wloszczowa.pl\/wp-content\/uploads\/2023\/06\/Zawiadomienie-WZ-2023-3.pdf\">Zawiadomienie WZ 2023<\/a><\/h3>\n<h1>Walne Zgromadzenie 2022<\/h1>\n<h3><a href=\"http:\/\/lokator-wloszczowa.pl\/wp-content\/uploads\/2022\/06\/Informacja-Zarz\u0105du-Sp\u00f3\u0142dzielni-dotycz\u0105ca-realizacji-uchwa\u0142-i-wniosk\u00f3w-WZ-odbytego-w-dniu-31.05.2019r..pdf\">Informacja Zarz\u0105du Sp\u00f3\u0142dzielni dotycz\u0105ca realizacji uchwa\u0142 i wniosk\u00f3w WZ odbytego w dniu 31.05.2019r.<\/a><\/h3>\n<h3><a href=\"http:\/\/lokator-wloszczowa.pl\/wp-content\/uploads\/2022\/06\/List-polustracyjny.pdf\">List polustracyjny<\/a><\/h3>\n<h3><a href=\"http:\/\/lokator-wloszczowa.pl\/wp-content\/uploads\/2022\/06\/Uchwa\u0142a-Nr-23.pdf\">Uchwa\u0142a Nr 23\/2022<\/a><\/h3>\n<h3><a href=\"http:\/\/lokator-wloszczowa.pl\/wp-content\/uploads\/2022\/06\/Uchwa\u0142a-Nr-22.pdf\">Uchwa\u0142a Nr 22\/2022<\/a><\/h3>\n<h3><a href=\"http:\/\/lokator-wloszczowa.pl\/wp-content\/uploads\/2022\/06\/Uchwa\u0142a-Nr-21.pdf\">Uchwa\u0142a Nr 21\/2022<\/a><\/h3>\n<h3><a href=\"http:\/\/lokator-wloszczowa.pl\/wp-content\/uploads\/2022\/06\/Uchwa\u0142a-Nr-20.pdf\">Uchwa\u0142a Nr 20\/2022<\/a><\/h3>\n<h3><a href=\"http:\/\/lokator-wloszczowa.pl\/wp-content\/uploads\/2022\/06\/Uchwa\u0142a-Nr-19-2.pdf\">Uchwa\u0142a Nr 19\/2022<\/a><\/h3>\n<h3><a href=\"http:\/\/lokator-wloszczowa.pl\/wp-content\/uploads\/2022\/06\/Uchwa\u0142a-Nr-18.pdf\">Uchwa\u0142a Nr 18\/2022<\/a><\/h3>\n<h3><a href=\"http:\/\/lokator-wloszczowa.pl\/wp-content\/uploads\/2022\/06\/Uchwa\u0142a-Nr-17.pdf\">Uchwa\u0142a Nr 17\/2022<\/a><\/h3>\n<h3><a href=\"http:\/\/lokator-wloszczowa.pl\/wp-content\/uploads\/2022\/06\/Uchwa\u0142a-Nr-16.pdf\">Uchwa\u0142a Nr 16\/2022<\/a><\/h3>\n<h3><a href=\"http:\/\/lokator-wloszczowa.pl\/wp-content\/uploads\/2022\/06\/Uchwa\u0142a-Nr-15-2.pdf\">Uchwa\u0142a Nr 15\/2022<\/a><\/h3>\n<h3><a href=\"http:\/\/lokator-wloszczowa.pl\/wp-content\/uploads\/2022\/06\/Uchwa\u0142a-Nr-14-3.pdf\">Uchwa\u0142a Nr 14\/2022<\/a><\/h3>\n<h3><a href=\"http:\/\/lokator-wloszczowa.pl\/wp-content\/uploads\/2022\/06\/Uchwa\u0142a-Nr-13-3.pdf\">Uchwa\u0142a Nr 13\/2022<\/a><\/h3>\n<h3><a href=\"http:\/\/lokator-wloszczowa.pl\/wp-content\/uploads\/2022\/06\/Uchwa\u0142a-Nr-12-3.pdf\">Uchwa\u0142a Nr 12\/2022<\/a><\/h3>\n<h3><a href=\"http:\/\/lokator-wloszczowa.pl\/wp-content\/uploads\/2022\/06\/Uchwa\u0142a-Nr-11-3.pdf\">Uchwa\u0142a Nr 11\/2022<\/a><\/h3>\n<h3><a href=\"http:\/\/lokator-wloszczowa.pl\/wp-content\/uploads\/2022\/06\/Uchwa\u0142a-Nr-10-3.pdf\">Uchwa\u0142a Nr 10\/2022<\/a><\/h3>\n<h3><a href=\"http:\/\/lokator-wloszczowa.pl\/wp-content\/uploads\/2022\/06\/Uchwa\u0142a-Nr-9-3.pdf\">Uchwa\u0142a Nr 9\/2022<\/a><\/h3>\n<h3><a href=\"http:\/\/lokator-wloszczowa.pl\/wp-content\/uploads\/2022\/06\/Uchwa\u0142a-Nr-8-3.pdf\">Uchwa\u0142a Nr 8\/2022<\/a><\/h3>\n<h3><a href=\"http:\/\/lokator-wloszczowa.pl\/wp-content\/uploads\/2022\/06\/Uchwa\u0142a-Nr-7-3.pdf\">Uchwa\u0142a Nr 7\/2022<\/a><\/h3>\n<h3><a href=\"http:\/\/lokator-wloszczowa.pl\/wp-content\/uploads\/2022\/06\/Uchwa\u0142a-Nr-6-2.pdf\">Uchwa\u0142a Nr 6\/2022<\/a><\/h3>\n<h3><a href=\"http:\/\/lokator-wloszczowa.pl\/wp-content\/uploads\/2022\/06\/Uchwa\u0142a-Nr-5-2.pdf\">Uchwa\u0142a Nr 5\/2022<\/a><\/h3>\n<h3><a href=\"http:\/\/lokator-wloszczowa.pl\/wp-content\/uploads\/2022\/06\/Uchwa\u0142a-Nr-4.pdf\">Uchwa\u0142a Nr 4\/2022<\/a><\/h3>\n<h3><a href=\"http:\/\/lokator-wloszczowa.pl\/wp-content\/uploads\/2022\/06\/Uchwa\u0142a-Nr-3.pdf\">Uchwa\u0142a Nr 3\/2022<\/a><\/h3>\n<h3><a href=\"http:\/\/lokator-wloszczowa.pl\/wp-content\/uploads\/2022\/06\/Uchwa\u0142a-Nr-2.pdf\">Uchwa\u0142a Nr 2\/2022<\/a><\/h3>\n<h3><a href=\"http:\/\/lokator-wloszczowa.pl\/wp-content\/uploads\/2022\/06\/Uchwa\u0142a-Nr-1.pdf\">Uchwa\u0142a Nr 1\/2022<\/a><\/h3>\n<h3><a href=\"http:\/\/lokator-wloszczowa.pl\/wp-content\/uploads\/2022\/06\/Sprawozdanie-Zarz\u0105du-za-2021r..pdf\">Sprawozdanie Zarz\u0105du za 2021r.<\/a><\/h3>\n<h3><a href=\"http:\/\/lokator-wloszczowa.pl\/wp-content\/uploads\/2022\/06\/Sprawozdanie-Zarz\u0105du-za-2020r..pdf\">Sprawozdanie Zarz\u0105du za 2020r.<\/a><\/h3>\n<h3><a href=\"http:\/\/lokator-wloszczowa.pl\/wp-content\/uploads\/2022\/06\/Sprawozdanie-Zarz\u0105du-za-2019r..pdf\">Sprawozdanie Zarz\u0105du za 2019r.<\/a><\/h3>\n<h3><a href=\"http:\/\/lokator-wloszczowa.pl\/wp-content\/uploads\/2022\/06\/Sprawozdanie-Rady-Nadzorczej-za-okres-01.09.2021-31.05.2022.pdf\">Sprawozdanie Rady Nadzorczej za okres 01.09.2021 &#8211; 31.05.2022<\/a><\/h3>\n<h3><a href=\"http:\/\/lokator-wloszczowa.pl\/wp-content\/uploads\/2022\/06\/Sprawozdanie-Rady-Nadzorczej-za-okres-01.09.2020-31.08.2021.pdf\">Sprawozdanie Rady Nadzorczej za okres 01.09.2020 &#8211; 31.08.2021<\/a><\/h3>\n<h3><a href=\"http:\/\/lokator-wloszczowa.pl\/wp-content\/uploads\/2022\/06\/Sprawozdanie-Rady-Nadzorczej-za-okres-01.06.2019-31.08.2020.pdf\">Sprawozdanie Rady Nadzorczej za okres 01.06.2019 &#8211; 31.08.2020<\/a><\/h3>\n<h3><a href=\"http:\/\/lokator-wloszczowa.pl\/wp-content\/uploads\/2022\/06\/Pe\u0142nomocnictwo.pdf\">Pe\u0142nomocnictwo<\/a><\/h3>\n<h3><a href=\"http:\/\/lokator-wloszczowa.pl\/wp-content\/uploads\/2022\/06\/Zawiadomienie.pdf\">Zawiadomienie o Walnym Zgromadzeniu <\/a><\/h3>\n<h1>Walne Zgromadzenie 2019<\/h1>\n<h3><a href=\"http:\/\/lokator-wloszczowa.pl\/wp-content\/uploads\/2019\/05\/Sprawozdanie-niezale\u017cnego-bieg\u0142ego-rewidenta-z-badania-sprawozdania-finansowego-za-2018r..pdf\">Sprawozdanie niezale\u017cnego bieg\u0142ego rewidenta z badania sprawozdania finansowego za 2018r.<\/a><\/h3>\n<h3><a href=\"http:\/\/lokator-wloszczowa.pl\/wp-content\/uploads\/2019\/05\/Informacja-Zarz\u0105du-dot.-realizacji-uchwa\u0142-i-wniosk\u00f3w-WZ-z-25.06.2018r..pdf\">Informacja Zarz\u0105du dot. realizacji uchwa\u0142 i wniosk\u00f3w WZ z 25.06.2018r.<\/a><\/h3>\n<h3><a href=\"http:\/\/lokator-wloszczowa.pl\/wp-content\/uploads\/2019\/05\/Sprawozdanie-z-dzia\u0142alno\u015bci-Zarz\u0105du-za-2018r..pdf\">Sprawozdanie z dzia\u0142alno\u015bci Zarz\u0105du za 2018r.<\/a><\/h3>\n<h3><a href=\"http:\/\/lokator-wloszczowa.pl\/wp-content\/uploads\/2019\/05\/Sprawozdanie-z-dzia\u0142alno\u015bci-Rady-Nadzorczej-za-2018r.-2019r..pdf\">Sprawozdanie z dzia\u0142alno\u015bci Rady Nadzorczej za 2018r.-2019r.<\/a><\/h3>\n<h3><a href=\"http:\/\/lokator-wloszczowa.pl\/wp-content\/uploads\/2019\/05\/Sprawozdanie-z-dzia\u0142alno\u015bci-Rady-Nadzorczej-za-2017r.-2018r..pdf\">Sprawozdanie z dzia\u0142alno\u015bci Rady Nadzorczej za 2017r.-2018r.<\/a><\/h3>\n<h3><a href=\"http:\/\/lokator-wloszczowa.pl\/wp-content\/uploads\/2019\/05\/Uchwa\u0142a-Nr-11-2019-WZ.pdf\">Uchwa\u0142a WZ Nr 11-2019<\/a><\/h3>\n<h3><a href=\"http:\/\/lokator-wloszczowa.pl\/wp-content\/uploads\/2019\/05\/Uchwa\u0142a-Nr-10-2019-WZ.pdf\">Uchwa\u0142a WZ Nr 10-2019\u00a0<\/a><\/h3>\n<h3><a href=\"http:\/\/lokator-wloszczowa.pl\/wp-content\/uploads\/2019\/05\/Uchwa\u0142a-WZ-Nr-9-2019.pdf\">Uchwa\u0142a WZ Nr 9-2019<\/a><\/h3>\n<h3><a href=\"http:\/\/lokator-wloszczowa.pl\/wp-content\/uploads\/2019\/05\/Uchwa\u0142a-WZ-Nr-8-2019.pdf\">Uchwa\u0142a WZ Nr 8-2019<\/a><\/h3>\n<h3><a href=\"http:\/\/lokator-wloszczowa.pl\/wp-content\/uploads\/2019\/05\/Uchwa\u0142a-WZ-Nr-7c-2019.pdf\">Uchwa\u0142a WZ Nr 7c-2019<\/a><\/h3>\n<h3><a href=\"http:\/\/lokator-wloszczowa.pl\/wp-content\/uploads\/2019\/05\/Uchwa\u0142a-WZ-Nr-7b-2019.pdf\">Uchwa\u0142a WZ Nr 7b-2019<\/a><\/h3>\n<h3><a href=\"http:\/\/lokator-wloszczowa.pl\/wp-content\/uploads\/2019\/05\/Uchwa\u0142a-WZ-Nr-7a-2019.pdf\">Uchwa\u0142a WZ Nr 7a-2019<\/a><\/h3>\n<h3><a href=\"http:\/\/lokator-wloszczowa.pl\/wp-content\/uploads\/2019\/05\/Uchwa\u0142a-WZ-Nr-6-2019.pdf\">Uchwa\u0142a WZ Nr 6-2019<\/a><\/h3>\n<h3><a href=\"http:\/\/lokator-wloszczowa.pl\/wp-content\/uploads\/2019\/05\/Uchwa\u0142a-WZ-Nr-5b-2019.pdf\">Uchwa\u0142a WZ Nr 5b-2019<\/a><\/h3>\n<h3><a href=\"http:\/\/lokator-wloszczowa.pl\/wp-content\/uploads\/2019\/05\/Uchwa\u0142a-WZ-Nr-5a-2019.pdf\">Uchwa\u0142a WZ Nr 5a-2019<\/a><\/h3>\n<h3><a href=\"http:\/\/lokator-wloszczowa.pl\/wp-content\/uploads\/2019\/05\/Uchwa\u0142a-WZ-Nr-4-2019.pdf\">Uchwa\u0142a WZ Nr 4-2019<\/a><\/h3>\n<h3><a href=\"http:\/\/lokator-wloszczowa.pl\/wp-content\/uploads\/2019\/05\/Uchwa\u0142a-WZ-Nr-3-2019.pdf\">Uchwa\u0142a WZ Nr 3-2019<\/a><\/h3>\n<h3><a href=\"http:\/\/lokator-wloszczowa.pl\/wp-content\/uploads\/2019\/05\/Uchwa\u0142a-WZ-Nr-2-2019.pdf\">Uchwa\u0142a WZ Nr 2-2019<\/a><\/h3>\n<h3><a href=\"http:\/\/lokator-wloszczowa.pl\/wp-content\/uploads\/2019\/05\/Uchwa\u0142a-WZ-Nr-1-2019.pdf\">Uchwa\u0142a WZ Nr 1- 2019<\/a><\/h3>\n<h3><a href=\"http:\/\/lokator-wloszczowa.pl\/wp-content\/uploads\/2019\/05\/Zawiadomienie-WZ.pdf\">Zawiadomienie WZ<\/a><\/h3>\n<h3><a href=\"http:\/\/lokator-wloszczowa.pl\/wp-content\/uploads\/2019\/05\/Pe\u0142nomocnictwo-na-WZ.pdf\">Pe\u0142nomocnictwo na WZ<\/a><\/h3>\n","protected":false},"excerpt":{"rendered":"<p>Walne Zgromadzenie 2025 Lista kandydat\u00f3w do RN Sprawozdanie finansowe za rok 2024 Sprawozdanie Rady Nadzorczej Sp\u00f3\u0142dzielni Mieszkaniowej &#8222;Lokator&#8221; \u00a0we W\u0142oszczowie za 2024 rok Sprawozdanie Zarz\u0105du Sp\u00f3\u0142dzielni Mieszkaniowej &#8222;Lokator&#8221; we W\u0142oszczowie z dzia\u0142alno\u015bci za 2024rok Uchwa\u0142y II cz\u0119\u015b\u0107 WZ &#8211; projekty Uchwa\u0142y I cz\u0119\u015b\u0107 WZ &#8211; projekty Pe\u0142nomocnictwo Zawiadomienie o Walnym Zgromadzeniu 2025 Informacja Zarz\u0105du Sp\u00f3\u0142dzielni [&hellip;]<\/p>\n","protected":false},"author":1,"featured_media":0,"parent":0,"menu_order":0,"comment_status":"closed","ping_status":"closed","template":"","meta":[],"_links":{"self":[{"href":"https:\/\/lokator-wloszczowa.pl\/index.php\/wp-json\/wp\/v2\/pages\/227"}],"collection":[{"href":"https:\/\/lokator-wloszczowa.pl\/index.php\/wp-json\/wp\/v2\/pages"}],"about":[{"href":"https:\/\/lokator-wloszczowa.pl\/index.php\/wp-json\/wp\/v2\/types\/page"}],"author":[{"embeddable":true,"href":"https:\/\/lokator-wloszczowa.pl\/index.php\/wp-json\/wp\/v2\/users\/1"}],"replies":[{"embeddable":true,"href":"https:\/\/lokator-wloszczowa.pl\/index.php\/wp-json\/wp\/v2\/comments?post=227"}],"version-history":[{"count":59,"href":"https:\/\/lokator-wloszczowa.pl\/index.php\/wp-json\/wp\/v2\/pages\/227\/revisions"}],"predecessor-version":[{"id":2303,"href":"https:\/\/lokator-wloszczowa.pl\/index.php\/wp-json\/wp\/v2\/pages\/227\/revisions\/2303"}],"wp:attachment":[{"href":"https:\/\/lokator-wloszczowa.pl\/index.php\/wp-json\/wp\/v2\/media?parent=227"}],"curies":[{"name":"wp","href":"https:\/\/api.w.org\/{rel}","templated":true}]}}