{"id":170,"date":"2018-04-08T13:13:49","date_gmt":"2018-04-08T11:13:49","guid":{"rendered":"http:\/\/lokator-wloszczowa.pl\/?page_id=170"},"modified":"2026-04-28T08:25:20","modified_gmt":"2026-04-28T06:25:20","slug":"plany-ogolne","status":"publish","type":"page","link":"https:\/\/lokator-wloszczowa.pl\/index.php\/plany-ogolne\/","title":{"rendered":"Plany og\u00f3lne"},"content":{"rendered":"<p>pliki do pobrania<\/p>\n<h3><a href=\"http:\/\/lokator-wloszczowa.pl\/wp-content\/uploads\/2026\/04\/SKM_C284e26042808360.pdf\">Plan remont\u00f3w na 2026r.<\/a><\/h3>\n<h3><a href=\"http:\/\/lokator-wloszczowa.pl\/wp-content\/uploads\/2025\/12\/SKM_C284e25123110091.pdf\">Wykonanie planu remont\u00f3w na 2025r.<\/a><\/h3>\n<h3><a href=\"http:\/\/lokator-wloszczowa.pl\/wp-content\/uploads\/2025\/04\/SKM_C284e25043012060.pdf\">Plan remont\u00f3w na 2025r.<\/a><\/h3>\n<h3><a href=\"http:\/\/lokator-wloszczowa.pl\/wp-content\/uploads\/2025\/01\/SKM_C284e25011609591.pdf\">Wykonanie planu remont\u00f3w na 2024r.<\/a><\/h3>\n<h3><a href=\"http:\/\/lokator-wloszczowa.pl\/wp-content\/uploads\/2024\/05\/Plan-remontow-na-2024r.pdf\">Plan remont\u00f3w na 2024r.<\/a><\/h3>\n<h3><a href=\"http:\/\/lokator-wloszczowa.pl\/wp-content\/uploads\/2024\/01\/SKM_C284e24011610290.pdf\">Wykonanie planu remont\u00f3w na 30.11.2023r.<\/a><\/h3>\n<h3><a href=\"http:\/\/lokator-wloszczowa.pl\/wp-content\/uploads\/2023\/06\/Plan-remontow-na-2023r.pdf\">Plan remont\u00f3w na 2023r.<\/a><\/h3>\n<h3><a href=\"http:\/\/lokator-wloszczowa.pl\/wp-content\/uploads\/2023\/01\/Wykonanie-planu-remont\u00f3w-na-2022r..pdf\">Wykonanie planu <\/a><a href=\"http:\/\/lokator-wloszczowa.pl\/wp-content\/uploads\/2023\/01\/Wykonanie-planu-remont\u00f3w-na-2022r..pdf\">remont\u00f3w na 2022r.<\/a><\/h3>\n<h3><a href=\"http:\/\/lokator-wloszczowa.pl\/wp-content\/uploads\/2022\/04\/Plan-remont\u00f3w-na-2022r..pdf\">Plan remont\u00f3w na 2022r.<\/a><\/h3>\n<h3><a href=\"http:\/\/lokator-wloszczowa.pl\/wp-content\/uploads\/2022\/04\/Wykonanie-planu-remont\u00f3w-na-2021r..pdf\">Wykonanie planu remont\u00f3w na 2021r.<\/a><\/h3>\n<h3><a href=\"http:\/\/lokator-wloszczowa.pl\/wp-content\/uploads\/2022\/04\/Plan-remont\u00f3w-na-2021r..pdf\">Plan remont\u00f3w na 2021r.<\/a><\/h3>\n<h3><a href=\"http:\/\/lokator-wloszczowa.pl\/wp-content\/uploads\/2022\/04\/Wykonanie-planu-remont\u00f3w-na-2020r..pdf\">Wykonanie planu remont\u00f3w na 2020r.<\/a><\/h3>\n<h3><a href=\"http:\/\/lokator-wloszczowa.pl\/wp-content\/uploads\/2022\/04\/Plan-remont\u00f3w-na-2020r..pdf\">Plan remont\u00f3w na 2020r.<\/a><\/h3>\n<h3><a href=\"http:\/\/lokator-wloszczowa.pl\/wp-content\/uploads\/2022\/04\/SKM_C284e22040508290.pdf\">Wykonanie planu remont\u00f3w na 2019r.<\/a><\/h3>\n<h3><a href=\"http:\/\/lokator-wloszczowa.pl\/wp-content\/uploads\/2019\/04\/Plan-remont\u00f3w-na-2019r..pdf\">Plan remont\u00f3w na 2019r.<\/a><\/h3>\n<h3><a href=\"http:\/\/lokator-wloszczowa.pl\/wp-content\/uploads\/2019\/04\/Wykonanie-planu-remont\u00f3w-na-31.12.2018r..pdf\">Wykonanie planu remont\u00f3w na 2018r.<\/a><\/h3>\n<h3><a href=\"http:\/\/lokator-wloszczowa.pl\/wp-content\/uploads\/2018\/04\/Plan-remont\u00f3w-na-2018r..pdf\"><span style=\"color: #000000;\">Plan remont\u00f3w na 2018r.<\/span><\/a><\/h3>\n<h3><a href=\"http:\/\/lokator-wloszczowa.pl\/wp-content\/uploads\/2018\/04\/Wykonanie-planu-remont\u00f3w-na-2017r..pdf\"><span style=\"color: #000000;\">Wykonanie planu remont\u00f3w na 2017r.<\/span><\/a><\/h3>\n<h3><\/h3>\n","protected":false},"excerpt":{"rendered":"<p>pliki do pobrania Plan remont\u00f3w na 2026r. Wykonanie planu remont\u00f3w na 2025r. Plan remont\u00f3w na 2025r. Wykonanie planu remont\u00f3w na 2024r. Plan remont\u00f3w na 2024r. Wykonanie planu remont\u00f3w na 30.11.2023r. Plan remont\u00f3w na 2023r. Wykonanie planu remont\u00f3w na 2022r. Plan remont\u00f3w na 2022r. Wykonanie planu remont\u00f3w na 2021r. Plan remont\u00f3w na 2021r. Wykonanie planu remont\u00f3w [&hellip;]<\/p>\n","protected":false},"author":1,"featured_media":0,"parent":0,"menu_order":0,"comment_status":"closed","ping_status":"closed","template":"","meta":[],"_links":{"self":[{"href":"https:\/\/lokator-wloszczowa.pl\/index.php\/wp-json\/wp\/v2\/pages\/170"}],"collection":[{"href":"https:\/\/lokator-wloszczowa.pl\/index.php\/wp-json\/wp\/v2\/pages"}],"about":[{"href":"https:\/\/lokator-wloszczowa.pl\/index.php\/wp-json\/wp\/v2\/types\/page"}],"author":[{"embeddable":true,"href":"https:\/\/lokator-wloszczowa.pl\/index.php\/wp-json\/wp\/v2\/users\/1"}],"replies":[{"embeddable":true,"href":"https:\/\/lokator-wloszczowa.pl\/index.php\/wp-json\/wp\/v2\/comments?post=170"}],"version-history":[{"count":16,"href":"https:\/\/lokator-wloszczowa.pl\/index.php\/wp-json\/wp\/v2\/pages\/170\/revisions"}],"predecessor-version":[{"id":2319,"href":"https:\/\/lokator-wloszczowa.pl\/index.php\/wp-json\/wp\/v2\/pages\/170\/revisions\/2319"}],"wp:attachment":[{"href":"https:\/\/lokator-wloszczowa.pl\/index.php\/wp-json\/wp\/v2\/media?parent=170"}],"curies":[{"name":"wp","href":"https:\/\/api.w.org\/{rel}","templated":true}]}}