{"id":125,"date":"2018-04-05T10:12:38","date_gmt":"2018-04-05T08:12:38","guid":{"rendered":"http:\/\/lokator-wloszczowa.pl\/?page_id=125"},"modified":"2018-05-09T10:16:05","modified_gmt":"2018-05-09T08:16:05","slug":"ustawy","status":"publish","type":"page","link":"https:\/\/lokator-wloszczowa.pl\/index.php\/ustawy\/","title":{"rendered":"Ustawy"},"content":{"rendered":"<p>teksty ustaw do pobrania:<\/p>\n<h3><span style=\"color: #000000;\"><a style=\"color: #000000;\" href=\"http:\/\/lokator-wloszczowa.pl\/wp-content\/uploads\/2018\/04\/Ustawa-o-sp\u00f3\u0142dzielniach-mieszkaniowych.pdf\">Ustawa o sp\u00f3\u0142dzielniach mieszkaniowych<\/a><\/span><\/h3>\n<h3><span style=\"color: #000000;\"><a style=\"color: #000000;\" href=\"http:\/\/lokator-wloszczowa.pl\/wp-content\/uploads\/2018\/04\/Ustawa-prawo-sp\u00f3\u0142dzielcze.pdf\">Ustawa prawo sp\u00f3\u0142dzielcze<\/a><\/span><\/h3>\n<h3><a href=\"http:\/\/lokator-wloszczowa.pl\/wp-content\/uploads\/2018\/04\/Ustawa-o-zmianie-ustawy-o-sp\u00f3\u0142dzielniach-mieszkaniowych-ustawy-Kodeks-post\u0119powania-cywilnego-oraz-ustawy-Prawo-sp\u00f3\u0142dzielcze.pdf\"><span style=\"color: #000000;\">Ustawa o zmianie ustawy o sp\u00f3\u0142dzielniach mieszkaniowych, ustawy &#8211; Kodeks post\u0119powania cywilnego oraz ustawy &#8211; Prawo sp\u00f3\u0142dzielcze<\/span><\/a><\/h3>\n<p>&nbsp;<\/p>\n<p>&nbsp;<\/p>\n<p>&nbsp;<\/p>\n<p>&nbsp;<\/p>\n<p>&nbsp;<\/p>\n<p>&nbsp;<\/p>\n","protected":false},"excerpt":{"rendered":"<p>teksty ustaw do pobrania: Ustawa o sp\u00f3\u0142dzielniach mieszkaniowych Ustawa prawo sp\u00f3\u0142dzielcze Ustawa o zmianie ustawy o sp\u00f3\u0142dzielniach mieszkaniowych, ustawy &#8211; Kodeks post\u0119powania cywilnego oraz ustawy &#8211; Prawo sp\u00f3\u0142dzielcze &nbsp; &nbsp; &nbsp; &nbsp; &nbsp; &nbsp;<\/p>\n","protected":false},"author":1,"featured_media":0,"parent":0,"menu_order":0,"comment_status":"closed","ping_status":"closed","template":"","meta":[],"_links":{"self":[{"href":"https:\/\/lokator-wloszczowa.pl\/index.php\/wp-json\/wp\/v2\/pages\/125"}],"collection":[{"href":"https:\/\/lokator-wloszczowa.pl\/index.php\/wp-json\/wp\/v2\/pages"}],"about":[{"href":"https:\/\/lokator-wloszczowa.pl\/index.php\/wp-json\/wp\/v2\/types\/page"}],"author":[{"embeddable":true,"href":"https:\/\/lokator-wloszczowa.pl\/index.php\/wp-json\/wp\/v2\/users\/1"}],"replies":[{"embeddable":true,"href":"https:\/\/lokator-wloszczowa.pl\/index.php\/wp-json\/wp\/v2\/comments?post=125"}],"version-history":[{"count":15,"href":"https:\/\/lokator-wloszczowa.pl\/index.php\/wp-json\/wp\/v2\/pages\/125\/revisions"}],"predecessor-version":[{"id":567,"href":"https:\/\/lokator-wloszczowa.pl\/index.php\/wp-json\/wp\/v2\/pages\/125\/revisions\/567"}],"wp:attachment":[{"href":"https:\/\/lokator-wloszczowa.pl\/index.php\/wp-json\/wp\/v2\/media?parent=125"}],"curies":[{"name":"wp","href":"https:\/\/api.w.org\/{rel}","templated":true}]}}