{"id":123,"date":"2018-04-05T10:12:24","date_gmt":"2018-04-05T08:12:24","guid":{"rendered":"http:\/\/lokator-wloszczowa.pl\/?page_id=123"},"modified":"2023-01-23T08:54:29","modified_gmt":"2023-01-23T07:54:29","slug":"regulaminy","status":"publish","type":"page","link":"https:\/\/lokator-wloszczowa.pl\/index.php\/regulaminy\/","title":{"rendered":"Regulaminy"},"content":{"rendered":"<h3><a href=\"http:\/\/lokator-wloszczowa.pl\/wp-content\/uploads\/2023\/01\/SKM_C284e23012309490.pdf\">Regulamin rozliczania koszt\u00f3w ciep\u0142a centralnego ogrzewania i ciep\u0142ej wody u\u017cytkowej<\/a><\/h3>\n<h3>\u00a0<\/h3>\n<h3><a href=\"http:\/\/lokator-wloszczowa.pl\/wp-content\/uploads\/2021\/04\/Regulamin-monta\u017cu-klimatyzator\u00f3w.pdf\">Regulamin monta\u017cu klimatyzator\u00f3w, anten satelitarnych i RTV na zewn\u0105trz lokali oraz korzystania z instalacji telekomunikacyjnej w budynku<\/a><\/h3>\n<h6><a href=\"http:\/\/lokator-wloszczowa.pl\/wp-content\/uploads\/2021\/04\/Za\u0142acznik-nr-1.pdf\">Za\u0142\u0105cznik nr 1 (wniosek o wyra\u017cenie zgody na monta\u017c klimatyzatora\/anteny*)<\/a><\/h6>\n<h6><a href=\"http:\/\/lokator-wloszczowa.pl\/wp-content\/uploads\/2021\/04\/Za\u0142\u0105cznik-nr-2.pdf\">Za\u0142\u0105cznik nr 2 (o\u015bwiadczenie)<\/a>\u00a0<\/h6>\n<h3><span style=\"color: #000000;\"><a style=\"color: #000000;\" href=\"http:\/\/lokator-wloszczowa.pl\/wp-content\/uploads\/2018\/07\/Regulamin-Rady-Nadzorczej.pdf\">Regulamin Rady Nadzorczej<\/a><\/span><\/h3>\n<h3><span style=\"color: #000000;\"><a style=\"color: #000000;\" href=\"http:\/\/lokator-wloszczowa.pl\/wp-content\/uploads\/2018\/04\/Regulamin-pracy-Komisji-Rewizyjnej-1.pdf\">Regulamin pracy Komisji Rewizyjnej<\/a><\/span><\/h3>\n<h3><span style=\"color: #000000;\"><a style=\"color: #000000;\" href=\"http:\/\/lokator-wloszczowa.pl\/wp-content\/uploads\/2018\/04\/Regulamin-pracy-Komisji-Gospodarki-Zasobami-Mieszkaniowymi.pdf\">Regulamin pracy Komisji Gospodarki Zasobami Mieszkaniowymi<\/a><\/span><\/h3>\n<h3><span style=\"color: #000000;\"><a style=\"color: #000000;\" href=\"http:\/\/lokator-wloszczowa.pl\/wp-content\/uploads\/2018\/04\/REGULAMIN-woda-i-\u015bcieki.pdf\">REGULAMIN &#8211; woda i \u015bcieki<\/a><\/span><\/h3>\n<h3>\u00a0<\/h3>\n<p>\u00a0<\/p>\n\n\n<p><\/p>\n","protected":false},"excerpt":{"rendered":"<p>Regulamin rozliczania koszt\u00f3w ciep\u0142a centralnego ogrzewania i ciep\u0142ej wody u\u017cytkowej \u00a0 Regulamin monta\u017cu klimatyzator\u00f3w, anten satelitarnych i RTV na zewn\u0105trz lokali oraz korzystania z instalacji telekomunikacyjnej w budynku Za\u0142\u0105cznik nr 1 (wniosek o wyra\u017cenie zgody na monta\u017c klimatyzatora\/anteny*) Za\u0142\u0105cznik nr 2 (o\u015bwiadczenie)\u00a0 Regulamin Rady Nadzorczej Regulamin pracy Komisji Rewizyjnej Regulamin pracy Komisji Gospodarki Zasobami Mieszkaniowymi [&hellip;]<\/p>\n","protected":false},"author":1,"featured_media":0,"parent":0,"menu_order":0,"comment_status":"closed","ping_status":"closed","template":"","meta":[],"_links":{"self":[{"href":"https:\/\/lokator-wloszczowa.pl\/index.php\/wp-json\/wp\/v2\/pages\/123"}],"collection":[{"href":"https:\/\/lokator-wloszczowa.pl\/index.php\/wp-json\/wp\/v2\/pages"}],"about":[{"href":"https:\/\/lokator-wloszczowa.pl\/index.php\/wp-json\/wp\/v2\/types\/page"}],"author":[{"embeddable":true,"href":"https:\/\/lokator-wloszczowa.pl\/index.php\/wp-json\/wp\/v2\/users\/1"}],"replies":[{"embeddable":true,"href":"https:\/\/lokator-wloszczowa.pl\/index.php\/wp-json\/wp\/v2\/comments?post=123"}],"version-history":[{"count":17,"href":"https:\/\/lokator-wloszczowa.pl\/index.php\/wp-json\/wp\/v2\/pages\/123\/revisions"}],"predecessor-version":[{"id":1544,"href":"https:\/\/lokator-wloszczowa.pl\/index.php\/wp-json\/wp\/v2\/pages\/123\/revisions\/1544"}],"wp:attachment":[{"href":"https:\/\/lokator-wloszczowa.pl\/index.php\/wp-json\/wp\/v2\/media?parent=123"}],"curies":[{"name":"wp","href":"https:\/\/api.w.org\/{rel}","templated":true}]}}