{"id":115,"date":"2018-04-05T10:10:41","date_gmt":"2018-04-05T08:10:41","guid":{"rendered":"http:\/\/lokator-wloszczowa.pl\/?page_id=115"},"modified":"2026-04-16T07:54:55","modified_gmt":"2026-04-16T05:54:55","slug":"protokoly-zarzadu","status":"publish","type":"page","link":"https:\/\/lokator-wloszczowa.pl\/index.php\/protokoly-zarzadu\/","title":{"rendered":"Protoko\u0142y Zarz\u0105du"},"content":{"rendered":"<h1>Protoko\u0142y Zarz\u0105du 2025r.<\/h1>\n<h3><a href=\"http:\/\/lokator-wloszczowa.pl\/wp-content\/uploads\/2026\/04\/SKM_C284e26040709250.pdf\">Protok\u00f3\u0142 Nr 10 z dnia 22.12.2025r.<\/a><\/h3>\n<h3><a href=\"http:\/\/lokator-wloszczowa.pl\/wp-content\/uploads\/2026\/04\/SKM_C284e26040708460.pdf\">Protok\u00f3\u0142 Nr 9 z dnia 28.11.2025r.<\/a><\/h3>\n<h3><a href=\"http:\/\/lokator-wloszczowa.pl\/wp-content\/uploads\/2026\/04\/SKM_C284e26040708320.pdf\">Protok\u00f3\u0142 Nr 8 z dnia 30.10.2025r.<\/a><\/h3>\n<h3><a href=\"http:\/\/lokator-wloszczowa.pl\/wp-content\/uploads\/2025\/12\/SKM_C284e25121012420.pdf\">Protok\u00f3\u0142 Nr 7 z dnia 30.09.2025r.<\/a><\/h3>\n<h3><a href=\"http:\/\/lokator-wloszczowa.pl\/wp-content\/uploads\/2025\/10\/SKM_C284e25102208380.pdf\">Protok\u00f3\u0142 Nr 6 z dnia 31.07.2025r.<\/a><\/h3>\n<h3><a href=\"http:\/\/lokator-wloszczowa.pl\/wp-content\/uploads\/2025\/07\/SKM_C284e25071511420.pdf\">Protok\u00f3\u0142 Nr 5 z dnia 26.06.2025r.<\/a><\/h3>\n<h3><a href=\"http:\/\/lokator-wloszczowa.pl\/wp-content\/uploads\/2025\/06\/SKM_C284e25061709460.pdf\">Protok\u00f3\u0142 Nr 4 z dnia 19.05.2025r.<\/a><\/h3>\n<h3><a href=\"http:\/\/lokator-wloszczowa.pl\/wp-content\/uploads\/2025\/06\/SKM_C284e25061709450.pdf\">Protok\u00f3\u0142 Nr 3 z dnia 26.03.2025r.<\/a><\/h3>\n<h3><a href=\"http:\/\/lokator-wloszczowa.pl\/wp-content\/uploads\/2025\/04\/SKM_C284e25041608381.pdf\">Protok\u00f3\u0142 Nr 2 z dnia 28.02.2025r.<\/a><\/h3>\n<h3><a href=\"http:\/\/lokator-wloszczowa.pl\/wp-content\/uploads\/2025\/04\/SKM_C284e25041608380.pdf\">Protok\u00f3\u0142 Nr 1 z dnia 30.01.2025r.<\/a><\/h3>\n<h1>Protoko\u0142y Zarz\u0105du 2024r.<\/h1>\n<h3><a href=\"http:\/\/lokator-wloszczowa.pl\/wp-content\/uploads\/2025\/02\/SKM_C284e25021110390.pdf\">Protok\u00f3\u0142 Nr 11 z dnia 30.12.2024r.<\/a><\/h3>\n<h3><a href=\"http:\/\/lokator-wloszczowa.pl\/wp-content\/uploads\/2025\/01\/SKM_C284e25012712260.pdf\">Protok\u00f3\u0142 Nr 10 z dnia 22.11.2024r.<\/a><\/h3>\n<h3><a href=\"http:\/\/lokator-wloszczowa.pl\/wp-content\/uploads\/2025\/01\/SKM_C284e25011310420.pdf\">Protok\u00f3\u0142 Nr 9 z dnia 25.10.2024r.<\/a><\/h3>\n<h3><a href=\"http:\/\/lokator-wloszczowa.pl\/wp-content\/uploads\/2024\/08\/SKM_C284e24082911190.pdf\">Protok\u00f3\u0142 Nr 8 z dnia 23.08.2024r.<\/a><\/h3>\n<h3><a href=\"http:\/\/lokator-wloszczowa.pl\/wp-content\/uploads\/2024\/08\/SKM_C284e24082109260.pdf\">Protok\u00f3\u0142 Nr 7 z dnia 05.08.2024r.<\/a><\/h3>\n<h3><a href=\"http:\/\/lokator-wloszczowa.pl\/wp-content\/uploads\/2024\/08\/SKM_C284e24082011510.pdf\">Protok\u00f3\u0142 Nr 6 z dnia 28.06.2024r.<\/a><\/h3>\n<h3><a href=\"http:\/\/lokator-wloszczowa.pl\/wp-content\/uploads\/2024\/08\/SKM_C284e24082011420.pdf\">Protok\u00f3\u0142 Nr 5 z dnia 03.06.2024r.<\/a><\/h3>\n<h3><a href=\"http:\/\/lokator-wloszczowa.pl\/wp-content\/uploads\/2024\/06\/SKM_C284e24061908380.pdf\">Protok\u00f3\u0142 Nr 4 z dnia 30.04.2024r.<\/a><\/h3>\n<h3><a href=\"http:\/\/lokator-wloszczowa.pl\/wp-content\/uploads\/2024\/06\/SKM_C284e24061908350.pdf\">Protok\u00f3\u0142 Nr 3 z dnia 26.03.2024r<\/a><\/h3>\n<h3><a href=\"http:\/\/lokator-wloszczowa.pl\/wp-content\/uploads\/2024\/06\/SKM_C284e24061908320.pdf\">Protok\u00f3\u0142 Nr 2 z dnia 29.02.2024r.<\/a><\/h3>\n<h3><a href=\"http:\/\/lokator-wloszczowa.pl\/wp-content\/uploads\/2024\/04\/SKM_C284e24041711290.pdf\">Protok\u00f3\u0142 Nr 1 z dnia 31.01.2024r.<\/a><\/h3>\n<h1>Protoko\u0142y Zarz\u0105du 2023r.<\/h1>\n<h3><a href=\"http:\/\/lokator-wloszczowa.pl\/wp-content\/uploads\/2024\/03\/SKM_C284e24031212480.pdf\">Protok\u00f3\u0142 Nr 12 z dnia 29.12.2023r.<\/a><\/h3>\n<h3><a href=\"http:\/\/lokator-wloszczowa.pl\/wp-content\/uploads\/2023\/12\/SKM_C284e23121313320.pdf\">Protok\u00f3\u0142 Nr 11 z dnia 27.11.2023r.<\/a><\/h3>\n<h3><a href=\"http:\/\/lokator-wloszczowa.pl\/wp-content\/uploads\/2023\/12\/SKM_C284e23121313280.pdf\">Protok\u00f3\u0142 Nr 10 z dnia 31.10.2023r.<\/a><\/h3>\n<h3><a href=\"http:\/\/lokator-wloszczowa.pl\/wp-content\/uploads\/2026\/04\/SKM_C284e26041608060.pdf\">Protok\u00f3\u0142 Nr 9 z dnia 29.09.2023r.<\/a><\/h3>\n<h3><a href=\"http:\/\/lokator-wloszczowa.pl\/wp-content\/uploads\/2023\/10\/SKM_C284e23101709200.pdf\">Protok\u00f3\u0142 Nr 8 z dnia 31.08.2023r.<\/a><\/h3>\n<h3><a href=\"http:\/\/lokator-wloszczowa.pl\/wp-content\/uploads\/2023\/08\/SKM_C284e23081008500.pdf\">Protok\u00f3\u0142 Nr 7 z dnia 31.07.2023r.<\/a><\/h3>\n<h3><a href=\"http:\/\/lokator-wloszczowa.pl\/wp-content\/uploads\/2026\/04\/SKM_C284e26041312582.pdf\">Protok\u00f3\u0142 Nr 6 z dnia 30.06.2023r.<\/a><\/h3>\n<h3><a href=\"http:\/\/lokator-wloszczowa.pl\/wp-content\/uploads\/2023\/08\/SKM_C284e23080309341.pdf\">Protok\u00f3\u0142 Nr 5 z dnia 29.05.2023r.<\/a><\/h3>\n<h3><a href=\"http:\/\/lokator-wloszczowa.pl\/wp-content\/uploads\/2026\/04\/SKM_C284e26041312581.pdf\">Protok\u00f3\u0142 Nr 4 z dnia 28.04.2023r.<\/a><\/h3>\n<h3><a href=\"http:\/\/lokator-wloszczowa.pl\/wp-content\/uploads\/2026\/04\/SKM_C284e26041312580.pdf\">Protok\u00f3\u0142 Nr 3 z dnia 29.03.2023r.<\/a><\/h3>\n<h3><a href=\"http:\/\/lokator-wloszczowa.pl\/wp-content\/uploads\/2023\/05\/SKM_C284e23050810430.pdf\">Protok\u00f3\u0142 Nr 2 z dnia 28.02.2023r.<\/a><\/h3>\n<h3><a href=\"http:\/\/lokator-wloszczowa.pl\/wp-content\/uploads\/2023\/05\/SKM_C284e23050810370.pdf\">Protok\u00f3\u0142 Nr 1 z dnia 30.01.2023r.<\/a><\/h3>\n<h1>Protoko\u0142y Zarz\u0105du 2022r.<\/h1>\n<h3><a href=\"http:\/\/lokator-wloszczowa.pl\/wp-content\/uploads\/2023\/01\/Protok\u00f3\u0142-12.pdf\">Protok\u00f3\u0142 Nr 12 z dnia 15.12.2022r.<\/a><\/h3>\n<h3><a href=\"http:\/\/lokator-wloszczowa.pl\/wp-content\/uploads\/2023\/01\/Protok\u00f3\u0142-11-2.pdf\">Protok\u00f3\u0142 Nr 11 z dnia 28.11.2022r.<\/a><\/h3>\n<h3><a href=\"http:\/\/lokator-wloszczowa.pl\/wp-content\/uploads\/2023\/01\/Protok\u00f3\u0142-10.pdf\">Protok\u00f3\u0142 Nr 10 z dnia 31.10.2022r.<\/a><\/h3>\n<h3><a href=\"http:\/\/lokator-wloszczowa.pl\/wp-content\/uploads\/2023\/01\/Protok\u00f3\u0142-9.pdf\">Protok\u00f3\u0142 Nr 9 z dnia 27.09.2022r.<\/a><\/h3>\n<h3><a href=\"http:\/\/lokator-wloszczowa.pl\/wp-content\/uploads\/2023\/01\/Protok\u00f3\u0142-8.pdf\">Protok\u00f3\u0142 Nr 8 z dnia 31.08.2022r.<\/a><\/h3>\n<h3><a href=\"http:\/\/lokator-wloszczowa.pl\/wp-content\/uploads\/2023\/01\/Protok\u00f3\u0142-7-2.pdf\">Protok\u00f3\u0142 Nr 7 z dnia 27.07.2022r.<\/a><\/h3>\n<h3><a href=\"http:\/\/lokator-wloszczowa.pl\/wp-content\/uploads\/2022\/09\/Protok\u00f3\u0142-Nr-6-z-dnia-22.06.2022r..pdf\">Protok\u00f3\u0142 Nr 6 z dnia 22.06.2022r.<\/a><\/h3>\n<h3><a href=\"http:\/\/lokator-wloszczowa.pl\/wp-content\/uploads\/2022\/09\/Protok\u00f3\u0142-Nr-5-z-dnia-31.05.2022r..pdf\">Protok\u00f3\u0142 Nr 5 z dnia 31.05.2022r.<\/a><\/h3>\n<h3><a href=\"http:\/\/lokator-wloszczowa.pl\/wp-content\/uploads\/2022\/09\/Protok\u00f3\u0142-Nr-4-z-dnia-05.05.2022r..pdf\">Protok\u00f3\u0142 Nr 4 z dnia 05.05.2022r.<\/a><\/h3>\n<h3><a href=\"http:\/\/lokator-wloszczowa.pl\/wp-content\/uploads\/2022\/09\/Protok\u00f3\u0142-Nr-3-z-dnia-31.03.2022r..pdf\">Protok\u00f3\u0142 Nr 3 z dnia 31.03.2022r.<\/a><\/h3>\n<h3><a href=\"http:\/\/lokator-wloszczowa.pl\/wp-content\/uploads\/2022\/08\/Protok\u00f3\u0142-Nr-2-z-dnia-28.02.2022r.-2.pdf\">Protok\u00f3\u0142 Nr 2 z dnia 28.02.2022r. <\/a><\/h3>\n<h3><a href=\"http:\/\/lokator-wloszczowa.pl\/wp-content\/uploads\/2022\/08\/Protok\u00f3\u0142-Nr-1-z-dnia-31.01.2022r..pdf\">Protok\u00f3\u0142 Nr 1 z dnia 31.01.2022r.<\/a><\/h3>\n<h1>Protoko\u0142y Zarz\u0105du 2021r.<\/h1>\n<h3><a href=\"http:\/\/lokator-wloszczowa.pl\/wp-content\/uploads\/2022\/08\/Protok\u00f3\u0142-Nr-10-2021.pdf\">Protok\u00f3\u0142 Nr 10 z dnia17.12.2021r.<\/a><\/h3>\n<h3><a href=\"http:\/\/lokator-wloszczowa.pl\/wp-content\/uploads\/2022\/08\/Protok\u00f3\u0142-Nr-9-2021.pdf\">Protok\u00f3\u0142 Nr 9 z dnia 30.11.2021r.<\/a><\/h3>\n<h3><a href=\"http:\/\/lokator-wloszczowa.pl\/wp-content\/uploads\/2022\/08\/Protok\u00f3\u0142-Nr-8-2021.pdf\">Protok\u00f3\u0142 Nr 8 z dnia 29.10.2021r.<\/a><\/h3>\n<h3><a href=\"http:\/\/lokator-wloszczowa.pl\/wp-content\/uploads\/2021\/12\/Protok\u00f3\u0142-7.pdf\">Protok\u00f3\u0142 Nr 7 z dnia 30.09.2021r.<\/a><\/h3>\n<h3><a href=\"http:\/\/lokator-wloszczowa.pl\/wp-content\/uploads\/2021\/12\/Protok\u00f3\u0142-6.pdf\">Protok\u00f3\u0142 Nr 6 z dnia 31.08.2021r.<\/a><\/h3>\n<h3><a href=\"http:\/\/lokator-wloszczowa.pl\/wp-content\/uploads\/2021\/11\/Protok\u00f3\u0142-Nr-4-z-dnia-30.06.2021r..pdf\">Protok\u00f3\u0142 Nr 4 z dnia 30.06.2021r.<\/a><\/h3>\n<h3><a href=\"http:\/\/lokator-wloszczowa.pl\/wp-content\/uploads\/2021\/11\/Protok\u00f3\u0142-Nr-3-2021.pdf\">Protok\u00f3\u0142 Nr 3 z dnia 30.04.2021r.<\/a><\/h3>\n<h3><a href=\"http:\/\/lokator-wloszczowa.pl\/wp-content\/uploads\/2021\/06\/Protok\u00f3\u0142-Nr-2-z-dnia-22.03.2021r..pdf\">Protok\u00f3\u0142 Nr 2 z dnia 22.03.2021r.<\/a><\/h3>\n<h3><a href=\"http:\/\/lokator-wloszczowa.pl\/wp-content\/uploads\/2021\/06\/Protok\u00f3\u0142-Nr-1-z-dnia-29.01.2021r..pdf\">Protok\u00f3\u0142 Nr 1 z dnia 29.01.2021r.<\/a><\/h3>\n<h1>Protoko\u0142y Zarz\u0105du 2020r.<\/h1>\n<h3><a href=\"http:\/\/lokator-wloszczowa.pl\/wp-content\/uploads\/2021\/06\/Protok\u00f3\u0142-Nr-8.pdf\">Protok\u00f3\u0142 Nr 8 z dnia 25.11.2020r.<\/a><\/h3>\n<h3><a href=\"http:\/\/lokator-wloszczowa.pl\/wp-content\/uploads\/2021\/06\/Protok\u00f3\u0142-Nr-7.pdf\">Protok\u00f3\u0142 Nr 7 z dnia 08.10.2020r.<\/a><\/h3>\n<h3><a href=\"http:\/\/lokator-wloszczowa.pl\/wp-content\/uploads\/2021\/06\/Protok\u00f3\u0142-Nr-6.pdf\">Protok\u00f3\u0142 Nr 6 z dnia 28.08.2020r.<\/a><\/h3>\n<h3><a href=\"http:\/\/lokator-wloszczowa.pl\/wp-content\/uploads\/2021\/06\/Protok\u00f3\u0142-Nr-5.pdf\">Protok\u00f3\u0142 Nr 5 z dnia 28.07.2020r.<\/a><\/h3>\n<h3><a href=\"http:\/\/lokator-wloszczowa.pl\/wp-content\/uploads\/2020\/08\/Protok\u00f3l-Nr-4.pdf\">Protok\u00f3\u0142\u00a0 Nr 4 z dn. 28.04.2020r. <\/a><\/h3>\n<h3><strong><a href=\"http:\/\/lokator-wloszczowa.pl\/wp-content\/uploads\/2020\/08\/Protok\u00f3l-Nr-3.pdf\">Protok\u00f3\u0142\u00a0 Nr 3 z dn.30.03.2020r.<\/a><\/strong><\/h3>\n<h3><a href=\"http:\/\/lokator-wloszczowa.pl\/wp-content\/uploads\/2020\/05\/Protok\u00f3\u0142-Nr-2.2020.pdf\">Protok\u00f3\u0142\u00a0 Nr 2 z dn. 28.02.2020r.<\/a><\/h3>\n<h3><a href=\"http:\/\/lokator-wloszczowa.pl\/wp-content\/uploads\/2020\/05\/Protok\u00f3\u0142-Zarz\u0105du-Nr-1.pdf\">Protok\u00f3\u0142\u00a0 Nr 1 z dn. 21.01.2020r.<\/a><\/h3>\n<h1>Protoko\u0142y Zarz\u0105du 2019r.<\/h1>\n<h3><a href=\"http:\/\/lokator-wloszczowa.pl\/wp-content\/uploads\/2022\/02\/Protok\u00f3\u0142-9-2019.pdf\">Protok\u00f3\u0142 Nr 9 z dn. 20.12.2019r.<\/a><\/h3>\n<h3><a href=\"http:\/\/lokator-wloszczowa.pl\/wp-content\/uploads\/2020\/05\/Protok\u00f3\u0142-Nr-8-1.pdf\">Protok\u00f3\u0142 Nr 8 z dn. 29.11.2019r.<\/a><\/h3>\n<h3><a href=\"http:\/\/lokator-wloszczowa.pl\/wp-content\/uploads\/2019\/10\/Protok\u00f3\u0142-Nr-7-2019-z-02.10.2019r..pdf\">Protok\u00f3\u0142 Nr 7 z 02.10.2019r.<\/a><\/h3>\n<h3><a href=\"http:\/\/lokator-wloszczowa.pl\/wp-content\/uploads\/2019\/10\/Protok\u00f3\u0142-Nr-6-2019-z-27.08.2019r..pdf\">Protok\u00f3\u0142 Nr 6 z 27.08.2019r.<\/a><\/h3>\n<h3><a href=\"http:\/\/lokator-wloszczowa.pl\/wp-content\/uploads\/2019\/10\/Protok\u00f3\u0142-Nr-5-2019-z-29.07.2019r..pdf\">Protok\u00f3\u0142 Nr 5 z 29.07.2019r.<\/a><\/h3>\n<h3><a href=\"http:\/\/lokator-wloszczowa.pl\/wp-content\/uploads\/2019\/07\/Protok\u00f3\u0142-Nr-4-2019.pdf\">Protok\u00f3\u0142 Nr 4 z 26.06.2019r.<\/a><\/h3>\n<h3><a href=\"http:\/\/lokator-wloszczowa.pl\/wp-content\/uploads\/2019\/10\/Protok\u00f3\u0142-Nr-3.pdf\">Protok\u00f3\u0142 Nr 3 \u00a0z 28.05.2019r.<\/a><\/h3>\n<h3><a href=\"http:\/\/lokator-wloszczowa.pl\/wp-content\/uploads\/2019\/06\/Protok\u00f3\u0142-Nr-2-2019-z-30.04.2019r..pdf\">Protok\u00f3\u0142 Nr 2 z 30.04.2019r.<\/a><\/h3>\n<h3><a href=\"http:\/\/lokator-wloszczowa.pl\/wp-content\/uploads\/2021\/09\/Protok\u00f3\u0142-Nr-1-2019.pdf\">Protok\u00f3\u0142 Nr 1 z 22.02.2019r.<\/a><\/h3>\n<h1>Protoko\u0142y Zarz\u0105du 2018r.<\/h1>\n<h3><a href=\"http:\/\/lokator-wloszczowa.pl\/wp-content\/uploads\/2021\/08\/Protok\u00f3\u0142-Nr-122018-z-dnia-18.12.2018r..pdf\">Protok\u00f3\u0142 Nr 12-2018 z 18.12.2018r.<\/a><\/h3>\n<h3><a href=\"http:\/\/lokator-wloszczowa.pl\/wp-content\/uploads\/2019\/01\/Protok\u00f3\u0142-Nr-11-2018-z-27.11.2018r..pdf\">Protok\u00f3\u0142 Nr 11-2018 z 27.11.2018r.<\/a><\/h3>\n<h3><a href=\"http:\/\/lokator-wloszczowa.pl\/wp-content\/uploads\/2019\/01\/Protok\u00f3\u0142-Nr-10-z-26.10.2018r..pdf\">Protok\u00f3\u0142 Nr 10-2018 z 26.10.2018r.<\/a><\/h3>\n<h3><a href=\"http:\/\/lokator-wloszczowa.pl\/wp-content\/uploads\/2018\/09\/Protok\u00f3\u0142-Nr-9-2018-z-26.09.2018r..pdf\">Protok\u00f3\u0142 Nr 9-2018 z 26.09.2018r.<\/a><\/h3>\n<h3><a href=\"http:\/\/lokator-wloszczowa.pl\/wp-content\/uploads\/2018\/09\/Protok\u00f3\u0142-Nr-8-2018-z-20.08.2018r..pdf\">Protok\u00f3\u0142 Nr 8-2018 z 20.08.2018r.<\/a><\/h3>\n<h3><a href=\"http:\/\/lokator-wloszczowa.pl\/wp-content\/uploads\/2018\/07\/Protok\u00f3\u0142-Nr-7-2018-z-dnia-27.06.2018r..pdf\">Protok\u00f3\u0142 Nr 7-2018 z 27.06.2018r.<\/a><\/h3>\n<h3><a href=\"http:\/\/lokator-wloszczowa.pl\/wp-content\/uploads\/2019\/06\/Protok\u00f3\u0142-Nr-6-2018-z-21.05.2018r..pdf\">Protok\u00f3\u0142 Nr 6-2018 z 21.05.2018r.<\/a><\/h3>\n<h3><a href=\"http:\/\/lokator-wloszczowa.pl\/wp-content\/uploads\/2018\/07\/Protok\u00f3\u0142-Nr-5-2018-z-04.05.2018r..pdf\">Protok\u00f3\u0142 Nr 5-2018 z 04.05.2018r.<\/a><\/h3>\n<h3><a href=\"http:\/\/lokator-wloszczowa.pl\/wp-content\/uploads\/2018\/07\/Protok\u00f3\u0142-Nr-4-2018-z-12.04.2018r..pdf\">Protok\u00f3\u0142 Nr 4-2018 z 12.04.2018r.<\/a><\/h3>\n<h3><a href=\"http:\/\/lokator-wloszczowa.pl\/wp-content\/uploads\/2018\/07\/Protok\u00f3\u0142-Nr-3-2018-z-10.04.2018r..pdf\">Protok\u00f3\u0142 Nr 3-2018 z 10.04.2018r.<\/a><\/h3>\n<h3><a href=\"http:\/\/lokator-wloszczowa.pl\/wp-content\/uploads\/2018\/07\/Protok\u00f3\u0142-Nr-2-2018-z-20.03.2018r..pdf\">Protok\u00f3\u0142 Nr 2-2018 z 20.03.2018r.<\/a><\/h3>\n<h3><a href=\"http:\/\/lokator-wloszczowa.pl\/wp-content\/uploads\/2018\/07\/Protok\u00f3\u0142-Nr1-2018-z-27.02.2018r..pdf\">Protok\u00f3\u0142 Nr 1-2018 z 27.02.2018r.<\/a><\/h3>\n\n\n<p><\/p>\n","protected":false},"excerpt":{"rendered":"<p>Protoko\u0142y Zarz\u0105du 2025r. Protok\u00f3\u0142 Nr 10 z dnia 22.12.2025r. Protok\u00f3\u0142 Nr 9 z dnia 28.11.2025r. Protok\u00f3\u0142 Nr 8 z dnia 30.10.2025r. Protok\u00f3\u0142 Nr 7 z dnia 30.09.2025r. Protok\u00f3\u0142 Nr 6 z dnia 31.07.2025r. Protok\u00f3\u0142 Nr 5 z dnia 26.06.2025r. Protok\u00f3\u0142 Nr 4 z dnia 19.05.2025r. Protok\u00f3\u0142 Nr 3 z dnia 26.03.2025r. Protok\u00f3\u0142 Nr 2 z [&hellip;]<\/p>\n","protected":false},"author":1,"featured_media":0,"parent":0,"menu_order":0,"comment_status":"closed","ping_status":"closed","template":"","meta":[],"_links":{"self":[{"href":"https:\/\/lokator-wloszczowa.pl\/index.php\/wp-json\/wp\/v2\/pages\/115"}],"collection":[{"href":"https:\/\/lokator-wloszczowa.pl\/index.php\/wp-json\/wp\/v2\/pages"}],"about":[{"href":"https:\/\/lokator-wloszczowa.pl\/index.php\/wp-json\/wp\/v2\/types\/page"}],"author":[{"embeddable":true,"href":"https:\/\/lokator-wloszczowa.pl\/index.php\/wp-json\/wp\/v2\/users\/1"}],"replies":[{"embeddable":true,"href":"https:\/\/lokator-wloszczowa.pl\/index.php\/wp-json\/wp\/v2\/comments?post=115"}],"version-history":[{"count":85,"href":"https:\/\/lokator-wloszczowa.pl\/index.php\/wp-json\/wp\/v2\/pages\/115\/revisions"}],"predecessor-version":[{"id":2292,"href":"https:\/\/lokator-wloszczowa.pl\/index.php\/wp-json\/wp\/v2\/pages\/115\/revisions\/2292"}],"wp:attachment":[{"href":"https:\/\/lokator-wloszczowa.pl\/index.php\/wp-json\/wp\/v2\/media?parent=115"}],"curies":[{"name":"wp","href":"https:\/\/api.w.org\/{rel}","templated":true}]}}