{"id":113,"date":"2018-04-05T10:10:20","date_gmt":"2018-04-05T08:10:20","guid":{"rendered":"http:\/\/lokator-wloszczowa.pl\/?page_id=113"},"modified":"2026-04-16T07:58:38","modified_gmt":"2026-04-16T05:58:38","slug":"uchwaly-zarzadu","status":"publish","type":"page","link":"https:\/\/lokator-wloszczowa.pl\/index.php\/uchwaly-zarzadu\/","title":{"rendered":"Uchwa\u0142y Zarz\u0105du"},"content":{"rendered":"<h1>Uchwa\u0142y Zarz\u0105du 2025r.<\/h1>\n<h3><a href=\"http:\/\/lokator-wloszczowa.pl\/wp-content\/uploads\/2026\/04\/SKM_C284e26040709261.pdf\">Zarz\u0105dzenie Nr 4\/2025 z dnia 22.12.2025r.<\/a><\/h3>\n<h3><a href=\"http:\/\/lokator-wloszczowa.pl\/wp-content\/uploads\/2026\/04\/SKM_C284e26040709260.pdf\">Uchwa\u0142y Nr 21-24 z dnia 22.12.2025r.<\/a><\/h3>\n<h3><a href=\"http:\/\/lokator-wloszczowa.pl\/wp-content\/uploads\/2026\/04\/SKM_C284e26040708471.pdf\">Zarz\u0105dzenie Nr 3\/2025 z dnia 28.11.2025r.<\/a><\/h3>\n<h3><a href=\"http:\/\/lokator-wloszczowa.pl\/wp-content\/uploads\/2026\/04\/SKM_C284e26040708470.pdf\">Uchwa\u0142y Nr 16-20 z dnia 28.11.2025r.<\/a><\/h3>\n<h3><a href=\"http:\/\/lokator-wloszczowa.pl\/wp-content\/uploads\/2026\/04\/SKM_C284e26040708322.pdf\">Uchwa\u0142y Nr 14-15 z dnia 30.10.2025r.<\/a><\/h3>\n<h3><a href=\"http:\/\/lokator-wloszczowa.pl\/wp-content\/uploads\/2026\/04\/SKM_C284e26040708321.pdf\">Zarz\u0105dzenie Nr 2\/2025 z dnia 30.10.2025r.<\/a><\/h3>\n<h3><a href=\"http:\/\/lokator-wloszczowa.pl\/wp-content\/uploads\/2025\/12\/SKM_C284e25121012421.pdf\">Uchwa\u0142y Nr 12-13 z dnia 30.09.2025r.<\/a><\/h3>\n<h3><a href=\"http:\/\/lokator-wloszczowa.pl\/wp-content\/uploads\/2025\/09\/SKM_C284e25092210060.pdf\">Uchwa\u0142y Nr 10-11 z dnia 31.07.2025r.<\/a><\/h3>\n<h3><a href=\"http:\/\/lokator-wloszczowa.pl\/wp-content\/uploads\/2025\/07\/SKM_C284e25071511421.pdf\">Uchwa\u0142y Nr 7-9 z dnia 26.06.2025r.<\/a><\/h3>\n<h3><a href=\"http:\/\/lokator-wloszczowa.pl\/wp-content\/uploads\/2025\/06\/SKM_C284e25061709500.pdf\">Uchwa\u0142y Nr 4-6 z dnia 19.05.2025r.<\/a><\/h3>\n<h3><a href=\"http:\/\/lokator-wloszczowa.pl\/wp-content\/uploads\/2025\/05\/SKM_C284e25052811412.pdf\">\u00a0Zarz\u0105dzenie Nr 1\/2025 z dnia 26.03.2025r.<\/a><\/h3>\n<h3><a href=\"http:\/\/lokator-wloszczowa.pl\/wp-content\/uploads\/2025\/06\/SKM_C284e25061709480.pdf\">Uchwa\u0142a Nr 3 z dnia 26.03.2025r.<\/a><\/h3>\n<h3><a href=\"http:\/\/lokator-wloszczowa.pl\/wp-content\/uploads\/2025\/04\/SKM_C284e25041608441.pdf\">Uchwa\u0142a Nr 2 z dnia 28.02.2025r.<\/a><\/h3>\n<h3><a href=\"http:\/\/lokator-wloszczowa.pl\/wp-content\/uploads\/2025\/04\/SKM_C284e25041608440.pdf\">Uchwa\u0142a Nr 1 z dnia 30.01.2025r.<\/a><\/h3>\n<h1>Uchwa\u0142y Zarz\u0105du 2024r.<\/h1>\n<h3><a href=\"http:\/\/lokator-wloszczowa.pl\/wp-content\/uploads\/2026\/04\/SKM_C284e26040909510.pdf\">Zarz\u0105dzenie Nr 1\/2024 z dnia 22.11.2024r.<\/a><\/h3>\n<h3><a href=\"http:\/\/lokator-wloszczowa.pl\/wp-content\/uploads\/2025\/01\/SKM_C284e25011310590.pdf\">Uchwa\u0142y Nr 19-23 z dnia 22.11.2024r.<\/a><\/h3>\n<h3><a href=\"http:\/\/lokator-wloszczowa.pl\/wp-content\/uploads\/2025\/01\/SKM_C284e25011310440.pdf\">Uchwa\u0142a Nr 18 z dnia 25.10.2024r.<\/a><\/h3>\n<h3><a href=\"http:\/\/lokator-wloszczowa.pl\/wp-content\/uploads\/2024\/08\/SKM_C284e24082911191.pdf\">Uchwa\u0142y Nr 15-17 z dnia 23.08.2024r.<\/a><\/h3>\n<h3><a href=\"http:\/\/lokator-wloszczowa.pl\/wp-content\/uploads\/2024\/08\/SKM_C284e24082109261.pdf\">Uchwa\u0142a Nr 14 z dnia 05.08.2024r.<\/a><\/h3>\n<h3><a href=\"http:\/\/lokator-wloszczowa.pl\/wp-content\/uploads\/2024\/08\/SKM_C284e24082011511.pdf\">Uchwa\u0142y Nr 12-13 z dnia 28.06.2024r.<\/a><\/h3>\n<h3><a href=\"http:\/\/lokator-wloszczowa.pl\/wp-content\/uploads\/2024\/08\/SKM_C284e24082011421.pdf\">Uchwa\u0142a Nr 11 z dnia 03.06.2024r.<\/a><\/h3>\n<h3><a href=\"http:\/\/lokator-wloszczowa.pl\/wp-content\/uploads\/2024\/06\/SKM_C284e24061908381.pdf\">Uchwa\u0142y nr 9-10 z dnia 30.04.2024r.<\/a><\/h3>\n<h3><a href=\"http:\/\/lokator-wloszczowa.pl\/wp-content\/uploads\/2024\/06\/SKM_C284e24061908351.pdf\">Uchwa\u0142y Nr 6-8 z dnia 26.03.2024r.<\/a><\/h3>\n<h3><a href=\"http:\/\/lokator-wloszczowa.pl\/wp-content\/uploads\/2024\/06\/SKM_C284e24061908321.pdf\">Uchwa\u0142y Nr 3-5 z dnia 29.02.2024r.<\/a><\/h3>\n<h3><a href=\"http:\/\/lokator-wloszczowa.pl\/wp-content\/uploads\/2024\/04\/SKM_C284e24041711291.pdf\">Uchwa\u0142y Nr 1-2 z dnia 31.01.2024r.<\/a><\/h3>\n<h1>Uchwa\u0142y Zarz\u0105du 2023r.<\/h1>\n<h3><a href=\"http:\/\/lokator-wloszczowa.pl\/wp-content\/uploads\/2024\/03\/SKM_C284e24031212481.pdf\">Uchwa\u0142y Nr 34-35 z dnia 29.12.2023r.<\/a><\/h3>\n<h3><a href=\"http:\/\/lokator-wloszczowa.pl\/wp-content\/uploads\/2026\/04\/SKM_C284e26040909570.pdf\">Zarz\u0105dzenie nr 3\/2023 z dnia 29.12.2023r.<\/a><\/h3>\n<h3><a href=\"http:\/\/lokator-wloszczowa.pl\/wp-content\/uploads\/2023\/12\/SKM_C284e23121313321.pdf\">Uchwa\u0142y Nr 29-33 z dnia 27.11.2023r.<\/a><\/h3>\n<h3><a href=\"http:\/\/lokator-wloszczowa.pl\/wp-content\/uploads\/2026\/04\/SKM_C284e26041608100.pdf\">Zarz\u0105dzenie Nr 2\/2023 z dnia 27.11.2023r.<\/a><\/h3>\n<h3><a href=\"http:\/\/lokator-wloszczowa.pl\/wp-content\/uploads\/2023\/12\/SKM_C284e23121313281.pdf\">Uchwa\u0142y Nr 26-28 z dnia 31.10.2023r.<\/a><\/h3>\n<h3><a href=\"http:\/\/lokator-wloszczowa.pl\/wp-content\/uploads\/2026\/04\/SKM_C284e26040910010.pdf\">Zarz\u0105dzenie Nr 1\/2023 z dnia 31.10.2023r.<\/a><\/h3>\n<h3><a href=\"http:\/\/lokator-wloszczowa.pl\/wp-content\/uploads\/2023\/11\/uchw.pdf\">Uchwa\u0142a Nr 25 z dnia 29.09.2023r.<\/a><\/h3>\n<h3><a href=\"http:\/\/lokator-wloszczowa.pl\/wp-content\/uploads\/2023\/10\/SKM_C284e23101709201.pdf\">Uchwa\u0142y Nr 22-24 z dnia 31.08.2023r.<\/a><\/h3>\n<h3><a href=\"http:\/\/lokator-wloszczowa.pl\/wp-content\/uploads\/2023\/08\/SKM_C284e23081008501.pdf\">Uchwa\u0142y Nr 19-21 z dnia 31.07.2023r.<\/a><\/h3>\n<h3><a href=\"http:\/\/lokator-wloszczowa.pl\/wp-content\/uploads\/2026\/04\/SKM_C284e26041312230.pdf\">Uchwa\u0142y Nr 16-18 z dnia 30.06.2023r.<\/a><\/h3>\n<h3><a href=\"http:\/\/lokator-wloszczowa.pl\/wp-content\/uploads\/2023\/08\/SKM_C284e23080309451.pdf\">Uchwa\u0142y Nr 14-15 z dnia 29.05.2023r.<\/a><\/h3>\n<h3><a href=\"http:\/\/lokator-wloszczowa.pl\/wp-content\/uploads\/2026\/04\/SKM_C284e26041312181.pdf\">Uchwa\u0142y Nr 12-13 z dnia 28.04.2023r.<\/a><\/h3>\n<h3><a href=\"http:\/\/lokator-wloszczowa.pl\/wp-content\/uploads\/2026\/04\/SKM_C284e26041312270.pdf\">Uchwa\u0142y Nr 7-11 z dnia 29.03.2023r.<\/a><\/h3>\n<h3><a href=\"http:\/\/lokator-wloszczowa.pl\/wp-content\/uploads\/2023\/05\/SKM_C284e23050810431.pdf\">Uchwa\u0142y Nr 4-6 z dnia 28.02.2023r.<\/a><\/h3>\n<h3><a href=\"http:\/\/lokator-wloszczowa.pl\/wp-content\/uploads\/2023\/05\/SKM_C284e23050810371.pdf\">Uchwa\u0142y Nr 1-3 z dnia 30.01.2023r.<\/a><\/h3>\n<h1>Uchwa\u0142y Zarz\u0105du 2022r.<\/h1>\n<h3><a href=\"http:\/\/lokator-wloszczowa.pl\/wp-content\/uploads\/2023\/04\/Uchwa\u0142a-22-23.pdf\">Uchwa\u0142y Nr 22-23 z dnia 15.12.2022r.<\/a><\/h3>\n<h3><a href=\"http:\/\/lokator-wloszczowa.pl\/wp-content\/uploads\/2023\/04\/Uchwa\u0142a-20-21.pdf\">Uchwa\u0142y Nr 20-21 z dnia 28.11.2022r.<\/a><\/h3>\n<h3><a href=\"http:\/\/lokator-wloszczowa.pl\/wp-content\/uploads\/2023\/01\/Uchwa\u0142y-18-19.pdf\">Uchwa\u0142y Nr 18-19 z dnia 28.11.2022r.<\/a><\/h3>\n<h3><a href=\"http:\/\/lokator-wloszczowa.pl\/wp-content\/uploads\/2026\/04\/SKM_C284e26040910020.pdf\">Zarz\u0105dzenie Nr 1\/2022 z dnia 25.11.2022r.<\/a><\/h3>\n<h3><a href=\"http:\/\/lokator-wloszczowa.pl\/wp-content\/uploads\/2023\/01\/Uchwa\u0142a-17.pdf\">Uchwa\u0142a Nr 17 z dnia 31.10.2022r.\u00a0<\/a><\/h3>\n<h3><a href=\"http:\/\/lokator-wloszczowa.pl\/wp-content\/uploads\/2023\/01\/Uchwa\u0142y-15-16.pdf\">Uchwa\u0142y Nr 15-16 z dnia 27.09.2022r.<\/a><\/h3>\n<h3><a href=\"http:\/\/lokator-wloszczowa.pl\/wp-content\/uploads\/2023\/01\/Uchwa\u0142a-14-2.pdf\">Uchwa\u0142a Nr 14 z dnia 31.08.2022r.<\/a><\/h3>\n<h3><a href=\"http:\/\/lokator-wloszczowa.pl\/wp-content\/uploads\/2023\/01\/Uchwa\u0142y-1213.pdf\">Uchwa\u0142y Nr 12-13 z dnia 27.07.2022r.<\/a><\/h3>\n<h3><a href=\"http:\/\/lokator-wloszczowa.pl\/wp-content\/uploads\/2022\/09\/Uchwa\u0142a-Nr-11-z-dnia-22.06.2022r..pdf\">Uchwa\u0142a Nr 11 z dnia 22.06.2022r.<\/a><\/h3>\n<h3><a href=\"http:\/\/lokator-wloszczowa.pl\/wp-content\/uploads\/2022\/09\/Uchwa\u0142a-Nr-10-z-dnia-31.05.2022r..pdf\">Uchwa\u0142a Nr 10 z dnia 31.05.2022r.<\/a><\/h3>\n<h3><a href=\"http:\/\/lokator-wloszczowa.pl\/wp-content\/uploads\/2022\/09\/Uchwa\u0142y-Nr-6-9-z-dnia-05.05.2022r..pdf\">Uchwa\u0142y Nr 6-9 z dnia 05.05.2022r.<\/a><\/h3>\n<h3><a href=\"http:\/\/lokator-wloszczowa.pl\/wp-content\/uploads\/2022\/09\/Uchwa\u0142a-Nr-5-z-31.03.2022r..pdf\">Uchwa\u0142a Nr 5 z dnia 31.03.2022r.<\/a><\/h3>\n<h3><a href=\"http:\/\/lokator-wloszczowa.pl\/wp-content\/uploads\/2022\/08\/Uchwa\u0142y-Nr-3-i-4-z-dni-28.02.2022r..pdf\">Uchwa\u0142y Nr 3 i 4 z dni 28.02.2022r.<\/a><\/h3>\n<h3><a href=\"http:\/\/lokator-wloszczowa.pl\/wp-content\/uploads\/2022\/08\/Uchwa\u0142y-Nr-1-i-2-z-dnia-31.01.2022r..pdf\">Uchwa\u0142y Nr 1 i 2 z dnia 31.01.2022r.<\/a><\/h3>\n<h1>Uchwa\u0142y Zarz\u0105du 2021r.<\/h1>\n<h3><a href=\"http:\/\/lokator-wloszczowa.pl\/wp-content\/uploads\/2022\/08\/Uchwa\u0142y-Nr-21-25-z-dnia-17.12.2021r..pdf\">Uchwa\u0142y Nr 21-25 z dnia 17.12.2021r.<\/a><\/h3>\n<h3><a href=\"http:\/\/lokator-wloszczowa.pl\/wp-content\/uploads\/2022\/08\/Uchwa\u0142y-Nr-18-20-z-dnia-30.11.2021r..pdf\">Uchwa\u0142y Nr 18-20 z dnia 30.11.2021r.<\/a><\/h3>\n<h3><a href=\"http:\/\/lokator-wloszczowa.pl\/wp-content\/uploads\/2022\/08\/Uchwa\u0142y-Nr-15-17-z-dnia-29.10.2021r..pdf\">Uchwa\u0142y Nr 15-17 z dnia 29.10.2021r.<\/a><\/h3>\n<h3><a href=\"http:\/\/lokator-wloszczowa.pl\/wp-content\/uploads\/2021\/12\/Uchwa\u0142a-14.pdf\">Uchwa\u0142a Nr 14 z dnia 30.09.2021r.<\/a>\u00a0<\/h3>\n<h3><a href=\"http:\/\/lokator-wloszczowa.pl\/wp-content\/uploads\/2021\/12\/Uchwa\u0142a-12-13.pdf\">Uchwa\u0142a Nr 12 i 13 z dnia 30.09.2021r.<\/a><\/h3>\n<h3><a href=\"http:\/\/lokator-wloszczowa.pl\/wp-content\/uploads\/2021\/12\/Uchwa\u0142a-11.pdf\">Uchwa\u0142a Nr 11 z dnia 31.08.2021r.<\/a><\/h3>\n<h3><a href=\"http:\/\/lokator-wloszczowa.pl\/wp-content\/uploads\/2021\/12\/Uchwa\u0142a-10.pdf\">Uchwa\u0142a Nr 10 z dnia 31.08.2021r.<\/a><\/h3>\n<h3><a href=\"http:\/\/lokator-wloszczowa.pl\/wp-content\/uploads\/2021\/12\/Uchwa\u0142a-9.pdf\">Uchwa\u0142a Nr 9 z dnia 31.08.2021r.<\/a><\/h3>\n<h3><a href=\"http:\/\/lokator-wloszczowa.pl\/wp-content\/uploads\/2024\/08\/SKM_C284e24082308510.pdf\">Uchwa\u0142y Nr 6-8 z dnia 30.06.2021r.<\/a><\/h3>\n<h3><a href=\"http:\/\/lokator-wloszczowa.pl\/wp-content\/uploads\/2021\/11\/Uchwa\u0142a-Nr-5-2021.pdf\">Uchwa\u0142a Nr 5 z dnia 30.06.2021r.<\/a><\/h3>\n<h3><a href=\"http:\/\/lokator-wloszczowa.pl\/wp-content\/uploads\/2021\/06\/Uchwa\u0142a-Nr-4-1.pdf\">Uchwa\u0142a Nr 4 z dnia 22.03.2021r.<\/a>\u00a0<\/h3>\n<h3><a href=\"http:\/\/lokator-wloszczowa.pl\/wp-content\/uploads\/2021\/06\/Uchwa\u0142a-Nr-2-3.pdf\">Uchwa\u0142a Nr 2 i 3 z dnia 22.03.2021r<\/a><\/h3>\n<h3><a href=\"http:\/\/lokator-wloszczowa.pl\/wp-content\/uploads\/2021\/06\/Uchwa\u0142a-Nr-1-1.pdf\">Uchwa\u0142a Nr 1 z dnia 29.01.2021r.<\/a><\/h3>\n<h1>Uchwa\u0142y Zarz\u0105du 2020r<\/h1>\n<h3><a href=\"http:\/\/lokator-wloszczowa.pl\/wp-content\/uploads\/2021\/06\/Uchwa\u0142a-Nr-14.pdf\">Uchwa\u0142a Nr 14\/2020 z dnia 25.11.2020r.<\/a><\/h3>\n<h3><a href=\"http:\/\/lokator-wloszczowa.pl\/wp-content\/uploads\/2021\/06\/Uchwa\u0142a-Nr-13.pdf\">Uchwa\u0142a Nr 13\/2020 z dnia 25.11.2020r.<\/a><\/h3>\n<h3><a href=\"http:\/\/lokator-wloszczowa.pl\/wp-content\/uploads\/2021\/06\/Uchwa\u0142a-Nr-12.pdf\">Uchwa\u0142a Nr 12\/2020 z dnia 25.11.2020r.<\/a><\/h3>\n<h3><a href=\"http:\/\/lokator-wloszczowa.pl\/wp-content\/uploads\/2021\/06\/Uchwa\u0142a-Nr-11.pdf\">Uchwa\u0142a Nr 11\/2020 z dnia 25.11.2020r.<\/a><\/h3>\n<h3><a href=\"http:\/\/lokator-wloszczowa.pl\/wp-content\/uploads\/2021\/06\/Uchwa\u0142a-Nr-10-1.pdf\">Uchwa\u0142a Nr 10\/2020 z dnia 25.11.2020r.<\/a><\/h3>\n<h3><a href=\"http:\/\/lokator-wloszczowa.pl\/wp-content\/uploads\/2021\/06\/Uchwa\u0142a-Nr-9-1.pdf\">Uchwa\u0142a Nr 9\/2020 z dnia 25.11.2020r.<\/a><\/h3>\n<h3><a href=\"http:\/\/lokator-wloszczowa.pl\/wp-content\/uploads\/2021\/06\/Uchwa\u0142a-Nr-8-1.pdf\">Uchwa\u0142a Nr 8\/2020 z dnia 28.08.2020r.<\/a><\/h3>\n<h3><a href=\"http:\/\/lokator-wloszczowa.pl\/wp-content\/uploads\/2021\/06\/Uchwa\u0142a-Nr-7-1.pdf\">Uchwa\u0142a Nr 7\/2020 z dnia 28.07.2020r.<\/a><\/h3>\n<h3><a href=\"http:\/\/lokator-wloszczowa.pl\/wp-content\/uploads\/2020\/08\/Uchwa\u0142a-Nr-6.pdf\">Uchwa\u0142a Nr 6\/2020 z dnia 28.04.2020r.<\/a><\/h3>\n<h3><a href=\"http:\/\/lokator-wloszczowa.pl\/wp-content\/uploads\/2020\/08\/Uchwa\u0142a-4-i-5.pdf\">Uchwa\u0142a Nr 4\/2020 i 5\/2020 z dnia 30.03.2020r.<\/a><\/h3>\n<h3><a href=\"http:\/\/lokator-wloszczowa.pl\/wp-content\/uploads\/2021\/06\/Uchwa\u0142a-Nr-3-2020-z-dnia-28.02.2020r..pdf\">Uchwa\u0142a Nr 3-2020 z dnia 28.02.2020r.<\/a><\/h3>\n<h3><a href=\"http:\/\/lokator-wloszczowa.pl\/wp-content\/uploads\/2020\/05\/Protok\u00f3\u0142-1-2-1.pdf\">Uchwa\u0142a Nr 1\/2020\u00a0 i 2\/2020 z dnia 28.02.2020r.<\/a><\/h3>\n<h3>\u00a0<\/h3>\n<h1>Uchwa\u0142y Zarz\u0105du 2019r.<\/h1>\n<h3><a href=\"http:\/\/lokator-wloszczowa.pl\/wp-content\/uploads\/2020\/05\/Uchwa\u0142a-Nr-27.pdf\">Uchwa\u0142a Nr 27 z dn. 20.12.2019r.<\/a><\/h3>\n<h3><a href=\"http:\/\/lokator-wloszczowa.pl\/wp-content\/uploads\/2020\/05\/Uchwa\u0142a-Nr-26.pdf\">Uchwa\u0142a Nr 26 z dn. 20.12.2019r.<\/a><\/h3>\n<h3><a href=\"http:\/\/lokator-wloszczowa.pl\/wp-content\/uploads\/2020\/05\/Uchwa\u0142a-Nr-25.pdf\">Uchwa\u0142a Nr 25 z dn. 29.11.2019r.\u00a0<\/a><\/h3>\n<h3><a href=\"http:\/\/lokator-wloszczowa.pl\/wp-content\/uploads\/2020\/05\/Uchwa\u0142a-Nr-2324.pdf\">Uchwa\u0142a Nr 23,24 z dn. 29.11.2019r.<\/a><\/h3>\n<h3><a href=\"http:\/\/lokator-wloszczowa.pl\/wp-content\/uploads\/2020\/05\/Uchwa\u0142y-Nr-2122.pdf\">Uchwa\u0142y Nr 21,22 z dn. 29.11.2019r.<\/a><\/h3>\n<h3><a href=\"http:\/\/lokator-wloszczowa.pl\/wp-content\/uploads\/2020\/05\/Uchwa\u0142y-Nr-1920.pdf\">Uchwa\u0142y Nr 19,20 z dn. 29.11.2019r.<\/a><\/h3>\n<h3><a href=\"http:\/\/lokator-wloszczowa.pl\/wp-content\/uploads\/2019\/10\/Uchwa\u0142a-Nr-18-z-02.10.2019r..pdf\">Uchwa\u0142a Nr 18-2019 z 02.10.2019r.<\/a><\/h3>\n<h3><a href=\"http:\/\/lokator-wloszczowa.pl\/wp-content\/uploads\/2019\/10\/Uchwa\u0142a-Nr-17-2019-z-02.10.2019r..pdf\">Uchwa\u0142a Nr 17-2019 z 02.10.2019r.<\/a><\/h3>\n<h3><a href=\"http:\/\/lokator-wloszczowa.pl\/wp-content\/uploads\/2019\/10\/Uchwa\u0142a-Nr-16-2019-z-27.08.2019r..pdf\">Uchwa\u0142a Nr 16-2019 z 27.08.2019r.<\/a><\/h3>\n<h3><a href=\"http:\/\/lokator-wloszczowa.pl\/wp-content\/uploads\/2019\/10\/Uchwa\u0142a-Nr-15-2019-z-27.08.2019r..pdf\">Uchwa\u0142a Nr 15-2019 z 27.08.2019r.<\/a><\/h3>\n<h3><a href=\"http:\/\/lokator-wloszczowa.pl\/wp-content\/uploads\/2019\/10\/Uchwa\u0142a-Nr-14-2019-z-29.07.2019r..pdf\">Uchwa\u0142a Nr 14-2019 z 29.07.2019r.<\/a><\/h3>\n<h3><a href=\"http:\/\/lokator-wloszczowa.pl\/wp-content\/uploads\/2019\/07\/Uchwa\u0142a-Nr-13-2019.pdf\">Uchwa\u0142a Nr 13-2019 z 26.06.2019r.<\/a><\/h3>\n<h3><a href=\"http:\/\/lokator-wloszczowa.pl\/wp-content\/uploads\/2019\/07\/Uchwa\u0142a-Nr-12-2019.pdf\">Uchwa\u0142a Nr 12-2019 z 26.06.2019r.<\/a><\/h3>\n<h3><a href=\"http:\/\/lokator-wloszczowa.pl\/wp-content\/uploads\/2019\/07\/Uchwa\u0142a-Nr-11-2019.pdf\">Uchwa\u0142a Nr 11-2019 z 26.06.2019r.<\/a><\/h3>\n<h3><a href=\"http:\/\/lokator-wloszczowa.pl\/wp-content\/uploads\/2019\/07\/Uchwa\u0142a-Nr-10-2019-1.pdf\">Uchwa\u0142a Nr 10-2019 z 28.05.2019r.<\/a><\/h3>\n<h3><a href=\"http:\/\/lokator-wloszczowa.pl\/wp-content\/uploads\/2019\/07\/Uchwa\u0142a-Nr-10-2019.pdf\">Uchwa\u0142a Nr 10-2019 z 28.05.2019r.<\/a><\/h3>\n<h3><a href=\"http:\/\/lokator-wloszczowa.pl\/wp-content\/uploads\/2019\/07\/Uchwa\u0142a-Nr-9-2019.pdf\">Uchwa\u0142a Nr 9-2019 z 28.05.2019r.<\/a><\/h3>\n<h3><a href=\"http:\/\/lokator-wloszczowa.pl\/wp-content\/uploads\/2019\/06\/Uchwa\u0142a-Nr-8-2019-z-30.04.2019r..pdf\">Uchwa\u0142a Nr 8-2019 z 30.04.2019r.<\/a><\/h3>\n<h3><a href=\"http:\/\/lokator-wloszczowa.pl\/wp-content\/uploads\/2019\/06\/Uchwa\u0142a-Nr-7-2019-z-30.04.2019r..pdf\">Uchwa\u0142a Nr 7-2019 z 30.04.2019r.<\/a><\/h3>\n<h3><a href=\"http:\/\/lokator-wloszczowa.pl\/wp-content\/uploads\/2019\/05\/Uchwa\u0142a-Nr-6-2019-z-30.04.2019r..pdf\">Uchwa\u0142a Nr 6-2019 z 30.04.2019r.<\/a><\/h3>\n<h3><a href=\"http:\/\/lokator-wloszczowa.pl\/wp-content\/uploads\/2019\/05\/Uchwa\u0142a-nr-5-2019-z-30.04.2019r..pdf\">Uchwa\u0142a nr 5-2019 z 30.04.2019r.<\/a><\/h3>\n<h3><a href=\"http:\/\/lokator-wloszczowa.pl\/wp-content\/uploads\/2021\/09\/Uchwa\u0142a-Nr-4-2019.pdf\">Uchwa\u0142a Nr 4-2019 z 22.02.2019r.<\/a> \u00a0<\/h3>\n<h3><a href=\"http:\/\/lokator-wloszczowa.pl\/wp-content\/uploads\/2019\/04\/Uchwa\u0142a-Nr-3-2019-z-22.02.2019r..pdf\">Uchwa\u0142a Nr 3-2019 z 22.02.2019r.<\/a><\/h3>\n<h3><a href=\"http:\/\/lokator-wloszczowa.pl\/wp-content\/uploads\/2019\/04\/Uchwa\u0142a-Nr-2-2019-z-22.02.2019r..pdf\">Uchwa\u0142a Nr 2-2019 z 22.02.2019r.<\/a><\/h3>\n<h3><a href=\"http:\/\/lokator-wloszczowa.pl\/wp-content\/uploads\/2021\/09\/Uchwa\u0142a-Nr-1-2019.pdf\">Uchwa\u0142a Nr 1-2019 z 22.02.2019r.<\/a><\/h3>\n<h1>Uchwa\u0142y Zarz\u0105du 2018r.<\/h1>\n<h3><a href=\"http:\/\/lokator-wloszczowa.pl\/wp-content\/uploads\/2021\/08\/Uchwa\u0142a-Nr-312018-z-dnia-18.12.2018r..pdf\">Uchwa\u0142a Nr 31-2018\u00a0 18.12.2018r.<\/a><\/h3>\n<h3><a href=\"http:\/\/lokator-wloszczowa.pl\/wp-content\/uploads\/2019\/01\/Uchwa\u0142a-Nr-30-z-18.12.2018r..pdf\">Uchwa\u0142a Nr 30-2018 z 18.12.2018r.<\/a><\/h3>\n<h3><a href=\"http:\/\/lokator-wloszczowa.pl\/wp-content\/uploads\/2019\/01\/Uchwa\u0142a-Nr-29-2018-z-18.12.2018r..pdf\">Uchwa\u0142a Nr 29-2018 z 18.12.2018r.<\/a><\/h3>\n<h3><a href=\"http:\/\/lokator-wloszczowa.pl\/wp-content\/uploads\/2019\/01\/Uchwa\u0142a-Nr-28-2018-z-18.12.2018r..pdf\">Uchwa\u0142a Nr 28-2018 z 18.12.2018r.<\/a><\/h3>\n<h3><a href=\"http:\/\/lokator-wloszczowa.pl\/wp-content\/uploads\/2019\/01\/Uchwa\u0142a-NR-27-2018-z-18.12.2018r..pdf\">Uchwa\u0142a Nr 27-2018 z 18.12.2018r.<\/a><\/h3>\n<h3><a href=\"http:\/\/lokator-wloszczowa.pl\/wp-content\/uploads\/2019\/01\/Uchwa\u0142a-Nr-26-2018-z-18.12.2018r..pdf\">Uchwa\u0142a Nr 26-2018 z 18.12.2018r.<\/a><\/h3>\n<h3><a href=\"http:\/\/lokator-wloszczowa.pl\/wp-content\/uploads\/2019\/01\/Uchwa\u0142a-Nr-25-z-27.11.2018r..pdf\">Uchwa\u0142a Nr 25-2018 z 27.11.2018r.<\/a><\/h3>\n<h3><a href=\"http:\/\/lokator-wloszczowa.pl\/wp-content\/uploads\/2019\/01\/Uchwa\u0142a-Nr-24-2018-z-27.11.2018r..pdf\">Uchwa\u0142a Nr 24-2018 z 27.11.2018r.<\/a><\/h3>\n<h3><a href=\"http:\/\/lokator-wloszczowa.pl\/wp-content\/uploads\/2019\/01\/Uchwa\u0142a-Nr-23-2018-z-27.11.2018r..pdf\">Uchwa\u0142a Nr 23-2018 z 27.11.2018r.<\/a><\/h3>\n<h3><a href=\"http:\/\/lokator-wloszczowa.pl\/wp-content\/uploads\/2019\/01\/Uchwa\u0142a-Nr-22-2018-z-27.11.2018r..pdf\">Uchwa\u0142a Nr 22-2018 z 27.11.2018r.<\/a><\/h3>\n<h3><a href=\"http:\/\/lokator-wloszczowa.pl\/wp-content\/uploads\/2019\/01\/Uchwa\u0142a-Nr-21-2018-z-27.11.2018r..pdf\">Uchwa\u0142a Nr 21-2018 z 27.11.2018r.<\/a><\/h3>\n<h3><a href=\"http:\/\/lokator-wloszczowa.pl\/wp-content\/uploads\/2019\/01\/Uchwa\u0142a-Nr-20-2018-z-26.10.2018r.-1.pdf\">Uchwa\u0142a Nr 20-2018 z 26.10.2018r.<\/a><\/h3>\n<h3><a href=\"http:\/\/lokator-wloszczowa.pl\/wp-content\/uploads\/2019\/01\/Uchwa\u0142a-Nr-19-2018-z-26.10.2018r..pdf\">Uchwa\u0142a Nr 19-2018 z 26.10.2018r.<\/a><\/h3>\n<h3><a href=\"http:\/\/lokator-wloszczowa.pl\/wp-content\/uploads\/2018\/09\/Uchwa\u0142a-Nr-18-2018-z-26.09.2018r..pdf\">Uchwa\u0142a Nr 18-2018 z 26.09.2018r.<\/a><\/h3>\n<h3><a href=\"http:\/\/lokator-wloszczowa.pl\/wp-content\/uploads\/2018\/09\/Uchwa\u0142a-Nr-17-2018-z-26.09.2018r..pdf\">Uchwa\u0142a Nr 17-2018 z 26.09.2018r.<\/a><\/h3>\n<h3><a href=\"http:\/\/lokator-wloszczowa.pl\/wp-content\/uploads\/2018\/09\/Uchwa\u0142a-Nr-16-2018-z-20.08.2018r..pdf\">Uchwa\u0142a Nr 16-2018 z 20.08.2018r.<\/a><\/h3>\n<h3><a href=\"http:\/\/lokator-wloszczowa.pl\/wp-content\/uploads\/2018\/09\/Uchwa\u0142a-Nr-15-2018-z-20.08.2018r..pdf\">Uchwa\u0142a Nr 15-2018 z 20.08.2018r.<\/a><\/h3>\n<h3><a href=\"http:\/\/lokator-wloszczowa.pl\/wp-content\/uploads\/2018\/09\/Uchwa\u0142a-Nr-14-2018-z-20.08.2018r..pdf\">Uchwa\u0142a Nr 14-2018 z 20.08.2018r.<\/a><\/h3>\n<h3><a href=\"http:\/\/lokator-wloszczowa.pl\/wp-content\/uploads\/2018\/07\/Uchwa\u0142a-Nr-13-2018-z-27.06.2018r..pdf\">Uchwa\u0142a Nr 13-2018 z 27.06.2018r.<\/a><\/h3>\n<h3><a href=\"http:\/\/lokator-wloszczowa.pl\/wp-content\/uploads\/2018\/07\/Uchwa\u0142a-N-12-2018-z-27.06.2018r..pdf\">Uchwa\u0142a Nr 12-2018 z 27.06.2018r.<\/a><\/h3>\n<h3><a href=\"http:\/\/lokator-wloszczowa.pl\/wp-content\/uploads\/2018\/07\/Uchwa\u0142a-Nr-11-2018-z-27.06.2018r..pdf\">Uchwa\u0142a Nr 11-2018 z 27.06.2018r.<\/a><\/h3>\n<h3><a href=\"http:\/\/lokator-wloszczowa.pl\/wp-content\/uploads\/2018\/07\/Uchwa\u0142a-Nr-10-2018-z-27.06.2018r..pdf\">Uchwa\u0142a Nr 10-2018 z 27.06.2018r.<\/a><\/h3>\n<h3><a href=\"http:\/\/lokator-wloszczowa.pl\/wp-content\/uploads\/2018\/07\/Uchwa\u0142a-Nr-9-2018-z-21.05.2018r..pdf\">Uchwa\u0142a Nr 9-2018 z 21.05.2018r.<\/a><\/h3>\n<h3><a href=\"http:\/\/lokator-wloszczowa.pl\/wp-content\/uploads\/2018\/07\/Uchwa\u0142a-Nr-8-2018-z-21.05.2018r..pdf\">Uchwa\u0142a Nr 8-2018 z 21.05.2018r.<\/a><\/h3>\n<h3><a href=\"http:\/\/lokator-wloszczowa.pl\/wp-content\/uploads\/2019\/06\/Uchwa\u0142a-Nr-7a-2018-z-21.05.2018r..pdf\">Uchwa\u0142a Nr 7a-2018 z 21.05.2018r.<\/a><\/h3>\n<h3><a href=\"http:\/\/lokator-wloszczowa.pl\/wp-content\/uploads\/2018\/07\/Uchwa\u0142a-Nr-7-2018-z12.04.2018r..pdf\">Uchwa\u0142a Nr 7-2018 z 12.04.2018r.<\/a><\/h3>\n<h3><a href=\"http:\/\/lokator-wloszczowa.pl\/wp-content\/uploads\/2018\/07\/Uchwa\u0142a-Nr-6-2018-z-10.04.2018r..pdf\">Uchwa\u0142a Nr 6-2018 z 10.04.2018r.<\/a><\/h3>\n<h3><a href=\"http:\/\/lokator-wloszczowa.pl\/wp-content\/uploads\/2018\/07\/Uchwa\u0142a-Nr-5-2018r.-z20.03.2018r..pdf\">Uchwa\u0142a Nr 5-2018 z 20.03.2018r.<\/a><\/h3>\n<h3><a href=\"http:\/\/lokator-wloszczowa.pl\/wp-content\/uploads\/2018\/07\/Uchwa\u0142a-Nr-4-2018-z-20.03.2018r..pdf\">Uchwa\u0142a Nr 4-2018 z 20.03.2018r.<\/a><\/h3>\n<h3><a href=\"http:\/\/lokator-wloszczowa.pl\/wp-content\/uploads\/2018\/07\/Uchwa\u0142a-Nr-3-2018-z-27.02.2018r..pdf\">Uchwa\u0142a Nr 3-2018 z 27.02.2018r.<\/a><\/h3>\n<h3><a href=\"http:\/\/lokator-wloszczowa.pl\/wp-content\/uploads\/2018\/07\/Uchwa\u0142a-Nr-2-2018-z-27.02.2018r..pdf\">Uchwa\u0142a Nr 2-2018 z 27.02.2018r.<\/a><\/h3>\n<h3><a href=\"http:\/\/lokator-wloszczowa.pl\/wp-content\/uploads\/2018\/07\/Uchwa\u0142a-Nr-1-2018-z-27.02.2018r..pdf\">Uchwa\u0142a Nr 1-2018 z 27.02.2018r.<\/a><\/h3>\n\n\n<p><\/p>\n\n\n\n<p><\/p>\n","protected":false},"excerpt":{"rendered":"<p>Uchwa\u0142y Zarz\u0105du 2025r. Zarz\u0105dzenie Nr 4\/2025 z dnia 22.12.2025r. Uchwa\u0142y Nr 21-24 z dnia 22.12.2025r. Zarz\u0105dzenie Nr 3\/2025 z dnia 28.11.2025r. Uchwa\u0142y Nr 16-20 z dnia 28.11.2025r. Uchwa\u0142y Nr 14-15 z dnia 30.10.2025r. Zarz\u0105dzenie Nr 2\/2025 z dnia 30.10.2025r. Uchwa\u0142y Nr 12-13 z dnia 30.09.2025r. Uchwa\u0142y Nr 10-11 z dnia 31.07.2025r. Uchwa\u0142y Nr 7-9 z [&hellip;]<\/p>\n","protected":false},"author":1,"featured_media":0,"parent":0,"menu_order":0,"comment_status":"closed","ping_status":"closed","template":"","meta":[],"_links":{"self":[{"href":"https:\/\/lokator-wloszczowa.pl\/index.php\/wp-json\/wp\/v2\/pages\/113"}],"collection":[{"href":"https:\/\/lokator-wloszczowa.pl\/index.php\/wp-json\/wp\/v2\/pages"}],"about":[{"href":"https:\/\/lokator-wloszczowa.pl\/index.php\/wp-json\/wp\/v2\/types\/page"}],"author":[{"embeddable":true,"href":"https:\/\/lokator-wloszczowa.pl\/index.php\/wp-json\/wp\/v2\/users\/1"}],"replies":[{"embeddable":true,"href":"https:\/\/lokator-wloszczowa.pl\/index.php\/wp-json\/wp\/v2\/comments?post=113"}],"version-history":[{"count":91,"href":"https:\/\/lokator-wloszczowa.pl\/index.php\/wp-json\/wp\/v2\/pages\/113\/revisions"}],"predecessor-version":[{"id":2294,"href":"https:\/\/lokator-wloszczowa.pl\/index.php\/wp-json\/wp\/v2\/pages\/113\/revisions\/2294"}],"wp:attachment":[{"href":"https:\/\/lokator-wloszczowa.pl\/index.php\/wp-json\/wp\/v2\/media?parent=113"}],"curies":[{"name":"wp","href":"https:\/\/api.w.org\/{rel}","templated":true}]}}