{"id":111,"date":"2018-04-05T10:09:55","date_gmt":"2018-04-05T08:09:55","guid":{"rendered":"http:\/\/lokator-wloszczowa.pl\/?page_id=111"},"modified":"2025-05-26T11:21:16","modified_gmt":"2025-05-26T09:21:16","slug":"roczne-sprawozdanie-zarzadu","status":"publish","type":"page","link":"https:\/\/lokator-wloszczowa.pl\/index.php\/roczne-sprawozdanie-zarzadu\/","title":{"rendered":"Roczne sprawozdanie Zarz\u0105du"},"content":{"rendered":"<h3><a href=\"http:\/\/lokator-wloszczowa.pl\/wp-content\/uploads\/2025\/05\/SKM_C284e25052608380-1.pdf\">Sprawozdanie Zarz\u0105du za 2024r.<\/a><\/h3>\n<h3><a href=\"http:\/\/lokator-wloszczowa.pl\/wp-content\/uploads\/2024\/05\/Sprawozdanie-Zarzadu-Spoldzielni-Mieszkaniowej-Lokator-we-Wloszczowie-z-dzialalnosci-za-2023r.pdf\">Sprawozdanie Zarz\u0105du za 2023r.<\/a><\/h3>\n<h3><a href=\"http:\/\/lokator-wloszczowa.pl\/wp-content\/uploads\/2023\/06\/Zarzadu.pdf\">Sprawozdanie Zarz\u0105du za 2022r.<\/a><\/h3>\n<h3><a href=\"http:\/\/lokator-wloszczowa.pl\/wp-content\/uploads\/2023\/01\/Spr.pdf\">Sprawozdanie Zarz\u0105du za 2021r.<\/a><\/h3>\n<h3><a href=\"http:\/\/lokator-wloszczowa.pl\/wp-content\/uploads\/2022\/04\/Sprawozdanie-Zarzadu-za-2020-1.doc\">Sprawozdanie Zarz\u0105du za 2020r.<\/a><\/h3>\n<h3><a href=\"http:\/\/lokator-wloszczowa.pl\/wp-content\/uploads\/2020\/11\/Sprawozdanie-Zarz\u0105du-2019.pdf\">Sprawozdanie Zarz\u0105du za 2019 r.<\/a><\/h3>\n<h3><a href=\"http:\/\/lokator-wloszczowa.pl\/wp-content\/uploads\/2020\/11\/Sprawozdanie-Zarz\u0105du-2018r.pdf\">Sprawozdanie Zarz\u0105du za 2018 r.<\/a><\/h3>\n<h3><a href=\"http:\/\/lokator-wloszczowa.pl\/wp-content\/uploads\/2018\/06\/Sprawozdanie-zarz\u0105du-za-2017-r..pdf\">Sprawozdanie zarz\u0105du za 2017 r.<\/a><\/h3>\n","protected":false},"excerpt":{"rendered":"<p>Sprawozdanie Zarz\u0105du za 2024r. Sprawozdanie Zarz\u0105du za 2023r. Sprawozdanie Zarz\u0105du za 2022r. Sprawozdanie Zarz\u0105du za 2021r. Sprawozdanie Zarz\u0105du za 2020r. Sprawozdanie Zarz\u0105du za 2019 r. Sprawozdanie Zarz\u0105du za 2018 r. Sprawozdanie zarz\u0105du za 2017 r.<\/p>\n","protected":false},"author":1,"featured_media":0,"parent":0,"menu_order":0,"comment_status":"closed","ping_status":"closed","template":"","meta":[],"_links":{"self":[{"href":"https:\/\/lokator-wloszczowa.pl\/index.php\/wp-json\/wp\/v2\/pages\/111"}],"collection":[{"href":"https:\/\/lokator-wloszczowa.pl\/index.php\/wp-json\/wp\/v2\/pages"}],"about":[{"href":"https:\/\/lokator-wloszczowa.pl\/index.php\/wp-json\/wp\/v2\/types\/page"}],"author":[{"embeddable":true,"href":"https:\/\/lokator-wloszczowa.pl\/index.php\/wp-json\/wp\/v2\/users\/1"}],"replies":[{"embeddable":true,"href":"https:\/\/lokator-wloszczowa.pl\/index.php\/wp-json\/wp\/v2\/comments?post=111"}],"version-history":[{"count":13,"href":"https:\/\/lokator-wloszczowa.pl\/index.php\/wp-json\/wp\/v2\/pages\/111\/revisions"}],"predecessor-version":[{"id":2092,"href":"https:\/\/lokator-wloszczowa.pl\/index.php\/wp-json\/wp\/v2\/pages\/111\/revisions\/2092"}],"wp:attachment":[{"href":"https:\/\/lokator-wloszczowa.pl\/index.php\/wp-json\/wp\/v2\/media?parent=111"}],"curies":[{"name":"wp","href":"https:\/\/api.w.org\/{rel}","templated":true}]}}