{"id":103,"date":"2018-04-05T10:07:04","date_gmt":"2018-04-05T08:07:04","guid":{"rendered":"http:\/\/lokator-wloszczowa.pl\/?page_id=103"},"modified":"2026-04-28T08:09:05","modified_gmt":"2026-04-28T06:09:05","slug":"protokoly-rn","status":"publish","type":"page","link":"https:\/\/lokator-wloszczowa.pl\/index.php\/protokoly-rn\/","title":{"rendered":"Protoko\u0142y RN"},"content":{"rendered":"\n<p><\/p>\n\n\n<h1>Protoko\u0142y RN 2026r.<\/h1>\n<h3><a href=\"http:\/\/lokator-wloszczowa.pl\/wp-content\/uploads\/2026\/04\/SKM_C284e26042808190.pdf\">Protok\u00f3\u0142 Nr 1 z dnia 24.02.2026r.<\/a><\/h3>\n<h1>Protoko\u0142y RN 2025r.<\/h1>\n<h3><a href=\"http:\/\/lokator-wloszczowa.pl\/wp-content\/uploads\/2026\/02\/SKM_C284e26022612500.pdf\">Protok\u00f3\u0142 Nr 6 z dnia 30.12.2025r.<\/a><\/h3>\n<h3><a href=\"http:\/\/lokator-wloszczowa.pl\/wp-content\/uploads\/2025\/12\/SKM_C284e25123110160.pdf\">Protok\u00f3\u0142 Nr 5 z dnia 25.09.2025r.<\/a><\/h3>\n<h3><a href=\"http:\/\/lokator-wloszczowa.pl\/wp-content\/uploads\/2025\/09\/SKM_C284e25092609420.pdf\">Protok\u00f3\u0142 Nr 4 z dnia 17.06.2025r.<\/a><\/h3>\n<h3><a href=\"http:\/\/lokator-wloszczowa.pl\/wp-content\/uploads\/2025\/06\/SKM_C284e25061808590.pdf\">Protok\u00f3\u0142 Nr 3 z dnia 05.06.2025r.<\/a><\/h3>\n<h3><a href=\"http:\/\/lokator-wloszczowa.pl\/wp-content\/uploads\/2025\/06\/SKM_C284e25060609010.pdf\">Protok\u00f3\u0142 Nr 2 z dnia 29.04.2025r.<\/a><\/h3>\n<h3><a href=\"http:\/\/lokator-wloszczowa.pl\/wp-content\/uploads\/2025\/06\/SKM_C284e25060609170.pdf\">Protok\u00f3\u0142 Nr 1 z dnia 26.02.2025r.<\/a><\/h3>\n<h1>Protoko\u0142y RN 2024r.<\/h1>\n<h3><a href=\"http:\/\/lokator-wloszczowa.pl\/wp-content\/uploads\/2025\/06\/SKM_C284e25061809010.pdf\">Protok\u00f3\u0142 Nr 6 z dnia 19.12.2024r.\u00a0<\/a><\/h3>\n<h3><a href=\"http:\/\/lokator-wloszczowa.pl\/wp-content\/uploads\/2025\/01\/SKM_C284e25011609440.pdf\">Protok\u00f3\u0142 Nr 5 z dnia 26.09.2024r.<\/a><\/h3>\n<h3><a href=\"http:\/\/lokator-wloszczowa.pl\/wp-content\/uploads\/2025\/01\/SKM_C284e25011609350.pdf\">Protok\u00f3\u0142 Nr 4 z dnia 11.06.2024r.<\/a><\/h3>\n<h3><a href=\"http:\/\/lokator-wloszczowa.pl\/wp-content\/uploads\/2024\/06\/SKM_C284e24061909050.pdf\">Protok\u00f3\u0142 Nr 3 z dnia 10.05.2024r.<\/a><\/h3>\n<h3><a href=\"http:\/\/lokator-wloszczowa.pl\/wp-content\/uploads\/2024\/05\/SKM_C284e24051309020.pdf\">Protok\u00f3\u0142 Nr 2 z dnia 25.04.2024r.<\/a><\/h3>\n<h3><a href=\"http:\/\/lokator-wloszczowa.pl\/wp-content\/uploads\/2024\/05\/SKM_C284e24051308480.pdf\">Protok\u00f3\u0142 Nr 1 z dnia 29.02.2024r.<\/a><\/h3>\n<h1>Protoko\u0142y RN 2023r.<\/h1>\n<h3><a href=\"http:\/\/lokator-wloszczowa.pl\/wp-content\/uploads\/2024\/03\/SKM_C284e24031410091.pdf\">Protok\u00f3\u0142 Nr 6 z dnia 29.12.2023r.<\/a><\/h3>\n<h3><a href=\"http:\/\/lokator-wloszczowa.pl\/wp-content\/uploads\/2024\/01\/SKM_C284e24011610190.pdf\">Protok\u00f3\u0142 Nr 5 z dnia 26.10.2023r.<\/a><\/h3>\n<h3><a href=\"http:\/\/lokator-wloszczowa.pl\/wp-content\/uploads\/2023\/10\/SKM_C284e23102709320.pdf\">Protok\u00f3\u0142 Nr 4 z dnia 05.07.2023r.<\/a><\/h3>\n<h3><a href=\"http:\/\/lokator-wloszczowa.pl\/wp-content\/uploads\/2023\/10\/SKM_C284e23102709310.pdf\">Protok\u00f3\u0142 Nr 3 z dnia 18.05.2023r.<\/a><\/h3>\n<h3><a href=\"http:\/\/lokator-wloszczowa.pl\/wp-content\/uploads\/2023\/06\/2.pdf\">Protok\u00f3\u0142 Nr 2 z dnia 27.04.2023r.<\/a><\/h3>\n<h3><a href=\"http:\/\/lokator-wloszczowa.pl\/wp-content\/uploads\/2023\/06\/1.pdf\">Protok\u00f3\u0142 Nr 1 z dnia 20.02.2023r.<\/a><\/h3>\n<h1>Protoko\u0142y RN 2022r.<\/h1>\n<h3><a href=\"http:\/\/lokator-wloszczowa.pl\/wp-content\/uploads\/2023\/02\/Protok\u00f3\u0142-Nr-7.pdf\">Protok\u00f3\u0142 Nr 7 z dnia 29.12.2022r.<\/a><\/h3>\n<h3><a href=\"http:\/\/lokator-wloszczowa.pl\/wp-content\/uploads\/2023\/01\/Prtotok\u00f3\u0142-Nr-6-2022.pdf\">Protok\u00f3\u0142 Nr 6 z dnia 26.09.2022r.<\/a>\u00a0<\/h3>\n<h3><a href=\"http:\/\/lokator-wloszczowa.pl\/wp-content\/uploads\/2023\/01\/Protok\u00f3\u0142-Nr-5-z-dnia-13.07.2022r..pdf\">Protok\u00f3\u0142 Nr 5 z dnia 13.07.2022r.<\/a><\/h3>\n<h3><a href=\"http:\/\/lokator-wloszczowa.pl\/wp-content\/uploads\/2023\/01\/Protok\u00f3\u0142-Nr-4-z-dnia-01.07.2022r..pdf\">Protok\u00f3\u0142 Nr 4 z dnia 01.07.2022r.<\/a><\/h3>\n<h3><a href=\"http:\/\/lokator-wloszczowa.pl\/wp-content\/uploads\/2023\/01\/Protok\u00f3\u0142-Nr-3-z-dnia-30.05.2022r.-1.pdf\">Protok\u00f3\u0142 Nr 3 z dnia 30.05.2022r.<\/a><\/h3>\n<h3><a href=\"http:\/\/lokator-wloszczowa.pl\/wp-content\/uploads\/2023\/01\/Protok\u00f3\u0142-Nr-2-z-dnia-11.04.2022r..pdf\">Protok\u00f3\u0142 Nr 2 z dnia 11.04.2022r.<\/a><\/h3>\n<h3><a href=\"http:\/\/lokator-wloszczowa.pl\/wp-content\/uploads\/2022\/04\/Protok\u00f3\u0142-RN-nr-1-2022.pdf\">Protok\u00f3\u0142 Nr 1 z dnia 24.02.2022r.<\/a><\/h3>\n<h1>Protoko\u0142y RN 2021r.<\/h1>\n<h3><a href=\"http:\/\/lokator-wloszczowa.pl\/wp-content\/uploads\/2022\/04\/Protok\u00f3\u0142-Nr-5-z-dnia-30.12.2021r..pdf\">Protok\u00f3\u0142 Nr 5 z dnia 30.12.2021r.<\/a><\/h3>\n<h3><a href=\"http:\/\/lokator-wloszczowa.pl\/wp-content\/uploads\/2022\/04\/Protok\u00f3\u0142-Nr-4-dnia-14.10.2021r..pdf\">Protok\u00f3\u0142 Nr 4 z dnia 14.10.2021r.<\/a><\/h3>\n<h3><a href=\"http:\/\/lokator-wloszczowa.pl\/wp-content\/uploads\/2021\/10\/Protok\u00f3\u0142-Nr-3.pdf\">Protok\u00f3\u0142 Nr 3 z dnia 28.06.2021r.<\/a><\/h3>\n<h3><a href=\"http:\/\/lokator-wloszczowa.pl\/wp-content\/uploads\/2021\/06\/Protok\u00f3\u0142-Nr-2.pdf\">Protok\u00f3\u0142 Nr 2 z dnia 29.04.2021r.<\/a>\u00a0<\/h3>\n<h3><a href=\"http:\/\/lokator-wloszczowa.pl\/wp-content\/uploads\/2021\/06\/Protok\u00f3\u0142-Nr-1-1.pdf\">Protok\u00f3\u0142 Nr 1 z dnia 11.02.2021r.<\/a>\u00a0<\/h3>\n<h1>Protoko\u0142y RN 2020r.<\/h1>\n<h3><a href=\"http:\/\/lokator-wloszczowa.pl\/wp-content\/uploads\/2021\/06\/Protok\u00f3\u0142-Nr-5-2020-z-29.12.2020r..pdf\">Protok\u00f3\u0142 Nr 5 z dnia 29.12.2020r.<\/a><\/h3>\n<h3><a href=\"http:\/\/lokator-wloszczowa.pl\/wp-content\/uploads\/2021\/06\/Protok\u00f3\u0142-Nr-4-2020-z-dnia-13.10.2020r..pdf\">Protok\u00f3\u0142 Nr 4 z dnia 13.10.2020r.<\/a><\/h3>\n<h3><a href=\"http:\/\/lokator-wloszczowa.pl\/wp-content\/uploads\/2020\/10\/Protok\u00f3\u0142-Nr-3.2020.pdf\">Protok\u00f3\u0142 Nr 3 z dn. 23.07.2020r.<\/a><\/h3>\n<h3><strong><a href=\"http:\/\/lokator-wloszczowa.pl\/wp-content\/uploads\/2020\/08\/protok\u00f3\u0142-Nr-2.pdf\">Protok\u00f3\u0142 Nr 2 z dn. 19.05.2020r.<\/a><\/strong><\/h3>\n<h3><a href=\"http:\/\/lokator-wloszczowa.pl\/wp-content\/uploads\/2020\/05\/Protok\u00f3\u0142-Nr-1.2020.pdf\">Protok\u00f3\u0142 Nr 1 z dn. 30.01.2020r.<\/a><\/h3>\n<h1>Protoko\u0142y RN 2019r.<\/h1>\n<h3><a href=\"http:\/\/lokator-wloszczowa.pl\/wp-content\/uploads\/2020\/05\/Protok\u00f3\u0142-z-dn.-19.12..2019r..pdf\">Protok\u00f3\u0142 Nr 6 z dn. 19.12.2019r.<\/a><\/h3>\n<h3><a href=\"http:\/\/lokator-wloszczowa.pl\/wp-content\/uploads\/2019\/12\/Protok\u00f3\u0142-RN-Nr-5-2019.pdf\">Protok\u00f3\u0142 Nr 5 z 23.09.2019r.<\/a><\/h3>\n<h3><a href=\"http:\/\/lokator-wloszczowa.pl\/wp-content\/uploads\/2019\/09\/Protok\u00f3\u0142-RN-Nr-4-z-25.07.2019r..pdf\">Protok\u00f3\u0142 Nr 4 z 25.07.2019r.<\/a><\/h3>\n<h3><a href=\"http:\/\/lokator-wloszczowa.pl\/wp-content\/uploads\/2019\/07\/Protok\u00f3\u0142-RN-3-2019-z-10.06.2019r..pdf\">Protok\u00f3\u0142 Nr 3 z 10.06.2019r.<\/a><\/h3>\n<h3><a href=\"http:\/\/lokator-wloszczowa.pl\/wp-content\/uploads\/2019\/07\/Protok\u00f3\u0142-RN-2-2019-z-30.04.2019r..pdf\">Protok\u00f3\u0142 Nr 2 z 30.04.2019r.<\/a><\/h3>\n<h3><a href=\"http:\/\/lokator-wloszczowa.pl\/wp-content\/uploads\/2019\/05\/Protok\u00f3\u0142-Nr-1-2019-z-20.03.2019r..pdf\">Protok\u00f3\u0142 Nr 1 z 20.03.2019r.<\/a><\/h3>\n\n\n<p><\/p>\n","protected":false},"excerpt":{"rendered":"<p>Protoko\u0142y RN 2026r. Protok\u00f3\u0142 Nr 1 z dnia 24.02.2026r. Protoko\u0142y RN 2025r. Protok\u00f3\u0142 Nr 6 z dnia 30.12.2025r. Protok\u00f3\u0142 Nr 5 z dnia 25.09.2025r. Protok\u00f3\u0142 Nr 4 z dnia 17.06.2025r. Protok\u00f3\u0142 Nr 3 z dnia 05.06.2025r. Protok\u00f3\u0142 Nr 2 z dnia 29.04.2025r. Protok\u00f3\u0142 Nr 1 z dnia 26.02.2025r. Protoko\u0142y RN 2024r. Protok\u00f3\u0142 Nr 6 z [&hellip;]<\/p>\n","protected":false},"author":1,"featured_media":0,"parent":0,"menu_order":0,"comment_status":"closed","ping_status":"closed","template":"","meta":[],"_links":{"self":[{"href":"https:\/\/lokator-wloszczowa.pl\/index.php\/wp-json\/wp\/v2\/pages\/103"}],"collection":[{"href":"https:\/\/lokator-wloszczowa.pl\/index.php\/wp-json\/wp\/v2\/pages"}],"about":[{"href":"https:\/\/lokator-wloszczowa.pl\/index.php\/wp-json\/wp\/v2\/types\/page"}],"author":[{"embeddable":true,"href":"https:\/\/lokator-wloszczowa.pl\/index.php\/wp-json\/wp\/v2\/users\/1"}],"replies":[{"embeddable":true,"href":"https:\/\/lokator-wloszczowa.pl\/index.php\/wp-json\/wp\/v2\/comments?post=103"}],"version-history":[{"count":38,"href":"https:\/\/lokator-wloszczowa.pl\/index.php\/wp-json\/wp\/v2\/pages\/103\/revisions"}],"predecessor-version":[{"id":2310,"href":"https:\/\/lokator-wloszczowa.pl\/index.php\/wp-json\/wp\/v2\/pages\/103\/revisions\/2310"}],"wp:attachment":[{"href":"https:\/\/lokator-wloszczowa.pl\/index.php\/wp-json\/wp\/v2\/media?parent=103"}],"curies":[{"name":"wp","href":"https:\/\/api.w.org\/{rel}","templated":true}]}}